
{"id":7144,"date":"2024-12-19T13:29:28","date_gmt":"2024-12-19T12:29:28","guid":{"rendered":"https:\/\/www.hrexperience.rs\/?page_id=7144"},"modified":"2026-01-28T14:27:05","modified_gmt":"2026-01-28T13:27:05","slug":"govornici-2025","status":"publish","type":"page","link":"https:\/\/www.hrexperience.rs\/en\/arhiva\/govornici-2025\/","title":{"rendered":"Speakers 2025"},"content":{"rendered":"<div id=\"fws_69f16a2c0af22\"  data-column-margin=\"default\" data-midnight=\"dark\"  class=\"wpb_row vc_row-fluid vc_row\"  style=\"padding-top: 40px; padding-bottom: 0px; \"><div class=\"row-bg-wrap\" data-bg-animation=\"none\" data-bg-animation-delay=\"\" data-bg-overlay=\"false\"><div class=\"inner-wrap row-bg-layer\" ><div class=\"row-bg viewport-desktop\"  style=\"\"><\/div><\/div><\/div><div class=\"row_col_wrap_12 col span_12 dark left\">\n\t<div  class=\"vc_col-sm-12 wpb_column column_container vc_column_container col no-extra-padding inherit_tablet inherit_phone\"  data-padding-pos=\"all\" data-has-bg-color=\"false\" data-bg-color=\"\" data-bg-opacity=\"1\" data-animation=\"\" data-delay=\"0\" >\n\t\t<div class=\"vc_column-inner\" >\n\t\t\t<div class=\"wpb_wrapper\">\n\t\t\t\t<div id=\"fws_69f16a2c0e580\" data-midnight=\"\" data-column-margin=\"default\" class=\"wpb_row vc_row-fluid vc_row inner_row\"  style=\"\"><div class=\"row-bg-wrap\"> <div class=\"row-bg\" ><\/div> <\/div><div class=\"row_col_wrap_12_inner col span_12  left\">\n\t<div  class=\"vc_col-sm-4 wpb_column column_container vc_column_container col child_column no-extra-padding inherit_tablet inherit_phone\"   data-padding-pos=\"all\" data-has-bg-color=\"false\" data-bg-color=\"\" data-bg-opacity=\"1\" data-animation=\"\" data-delay=\"0\" >\n\t\t<div class=\"vc_column-inner\" >\n\t\t<div class=\"wpb_wrapper\">\n\t\t\t<div class=\"team-member\" data-style=\"meta_below\"><a href=\"https:\/\/www.hrexperience.rs\/en\/govornici\/leigh-elena-henderson\/\" ><img decoding=\"async\" alt=\"leigh elena henderson\" src=\"https:\/\/www.hrexperience.rs\/wp-content\/uploads\/2024\/12\/govornici-za-str-govorncii-2025-2.png\" title=\"Leigh Elena Henderson\" \/><\/a><h4 class=\"light\"><a class=\"extra-color-1\" href=\"https:\/\/www.hrexperience.rs\/en\/govornici\/leigh-elena-henderson\/\" >Leigh Elena Henderson<\/a><\/h4><div class=\"position\">Founder and CEO<\/div><p class=\"description\">HRManifesto<\/p><ul class=\"social extra-color-1\"><li><a target=\"_blank\" href='https:\/\/www.linkedin.com\/in\/leighelena\/'>Linkedin<\/a><\/li><\/ul><\/div>\n\t\t<\/div> \n\t<\/div>\n\t<\/div> \n\n\t<div  class=\"vc_col-sm-4 wpb_column column_container vc_column_container col child_column no-extra-padding inherit_tablet inherit_phone\"   data-padding-pos=\"all\" data-has-bg-color=\"false\" data-bg-color=\"\" data-bg-opacity=\"1\" data-animation=\"\" data-delay=\"0\" >\n\t\t<div class=\"vc_column-inner\" >\n\t\t<div class=\"wpb_wrapper\">\n\t\t\t<div class=\"team-member\" data-style=\"meta_below\"><a href=\"https:\/\/www.hrexperience.rs\/en\/govornici\/martin-laschkolnig\/\" ><img decoding=\"async\" alt=\"\" src=\"https:\/\/www.hrexperience.rs\/wp-content\/uploads\/2025\/01\/govornici-za-str-govorncii-2025-6.png\" title=\"Martin Laschkolnig\" \/><\/a><h4 class=\"light\"><a class=\"extra-color-1\" href=\"https:\/\/www.hrexperience.rs\/en\/govornici\/martin-laschkolnig\/\" >Martin Laschkolnig<\/a><\/h4><div class=\"position\">Founder and CEO<\/div><p class=\"description\">Institute for the Development of Potential in Linz, Austria<\/p><ul class=\"social extra-color-1\"><li><a target=\"_blank\" href='https:\/\/www.linkedin.com\/in\/laschkolnig\/'>Linkedin<\/a><\/li><\/ul><\/div>\n\t\t<\/div> \n\t<\/div>\n\t<\/div> \n\n\t<div  class=\"vc_col-sm-4 wpb_column column_container vc_column_container col child_column no-extra-padding inherit_tablet inherit_phone\"   data-padding-pos=\"all\" data-has-bg-color=\"false\" data-bg-color=\"\" data-bg-opacity=\"1\" data-animation=\"\" data-delay=\"0\" >\n\t\t<div class=\"vc_column-inner\" >\n\t\t<div class=\"wpb_wrapper\">\n\t\t\t<div class=\"team-member\" data-style=\"meta_below\"><a href=\"https:\/\/www.hrexperience.rs\/en\/govornici\/dalibor-sumiga\/\" ><img decoding=\"async\" alt=\"Dalibor \u0160umiga\" src=\"https:\/\/www.hrexperience.rs\/wp-content\/uploads\/2024\/12\/govornici-za-str-govorncii-2025-3.png\" title=\"Dalibor Sumiga\" \/><\/a><h4 class=\"light\"><a class=\"extra-color-1\" href=\"https:\/\/www.hrexperience.rs\/en\/govornici\/dalibor-sumiga\/\" >Dalibor Sumiga<\/a><\/h4><div class=\"position\">Neuromarketing and Consumer Psychology Expert, Founder &amp; CEO<\/div><p class=\"description\">Promosapiens<\/p><ul class=\"social extra-color-1\"><li><a target=\"_blank\" href='https:\/\/www.linkedin.com\/in\/dalibor-%C5%A1umiga-09304019\/'>Linkedin<\/a><\/li><\/ul><\/div>\n\t\t<\/div> \n\t<\/div>\n\t<\/div> \n<\/div><\/div><div id=\"fws_69f16a2c15a64\" data-midnight=\"\" data-column-margin=\"default\" class=\"wpb_row vc_row-fluid vc_row inner_row\"  style=\"\"><div class=\"row-bg-wrap\"> <div class=\"row-bg\" ><\/div> <\/div><div class=\"row_col_wrap_12_inner col span_12  left\">\n\t<div  class=\"vc_col-sm-4 wpb_column column_container vc_column_container col child_column no-extra-padding inherit_tablet inherit_phone\"   data-padding-pos=\"all\" data-has-bg-color=\"false\" data-bg-color=\"\" data-bg-opacity=\"1\" data-animation=\"\" data-delay=\"0\" >\n\t\t<div class=\"vc_column-inner\" >\n\t\t<div class=\"wpb_wrapper\">\n\t\t\t<div class=\"team-member\" data-style=\"meta_below\"><a href=\"https:\/\/www.hrexperience.rs\/en\/govornici\/milan-gospic\/\" target=\"_blank\"><img decoding=\"async\" alt=\"Milan Gospi\u0107\" src=\"https:\/\/www.hrexperience.rs\/wp-content\/uploads\/2025\/01\/govornici-za-str-govorncii-2025-4.png\" title=\"Milan Gospic\" \/><\/a><h4 class=\"light\"><a class=\"extra-color-1\" href=\"https:\/\/www.hrexperience.rs\/en\/govornici\/milan-gospic\/\" target=\"_blank\">Milan Gospic<\/a><\/h4><div class=\"position\">Microsoft Garage Serbia Lead<\/div><p class=\"description\">Microsoft<\/p><ul class=\"social extra-color-1\"><li><a target=\"_blank\" href='https:\/\/www.linkedin.com\/in\/milan-gospic\/'>Linkedin<\/a><\/li><\/ul><\/div>\n\t\t<\/div> \n\t<\/div>\n\t<\/div> \n\n\t<div  class=\"vc_col-sm-4 wpb_column column_container vc_column_container col child_column no-extra-padding inherit_tablet inherit_phone\"   data-padding-pos=\"all\" data-has-bg-color=\"false\" data-bg-color=\"\" data-bg-opacity=\"1\" data-animation=\"\" data-delay=\"0\" >\n\t\t<div class=\"vc_column-inner\" >\n\t\t<div class=\"wpb_wrapper\">\n\t\t\t<div class=\"team-member\" data-style=\"meta_below\"><a href=\"https:\/\/www.hrexperience.rs\/en\/govornici\/jovan-sarenac\/\" ><img decoding=\"async\" alt=\"Jovan \u0160arenac\" src=\"https:\/\/www.hrexperience.rs\/wp-content\/uploads\/2025\/01\/govornici-za-str-govorncii-2025-7.png\" title=\"Jovan Sarenac\" \/><\/a><h4 class=\"light\"><a class=\"extra-color-1\" href=\"https:\/\/www.hrexperience.rs\/en\/govornici\/jovan-sarenac\/\" >Jovan Sarenac<\/a><\/h4><div class=\"position\">CEO<\/div><p class=\"description\">MAXIDOM.RS<\/p><ul class=\"social extra-color-1\"><li><a target=\"_blank\" href='https:\/\/www.linkedin.com\/in\/jovan-sarenac-97939118\/'>LinkedIn<\/a><\/li><\/ul><\/div>\n\t\t<\/div> \n\t<\/div>\n\t<\/div> \n\n\t<div  class=\"vc_col-sm-4 wpb_column column_container vc_column_container col child_column no-extra-padding inherit_tablet inherit_phone\"   data-padding-pos=\"all\" data-has-bg-color=\"false\" data-bg-color=\"\" data-bg-opacity=\"1\" data-animation=\"\" data-delay=\"0\" >\n\t\t<div class=\"vc_column-inner\" >\n\t\t<div class=\"wpb_wrapper\">\n\t\t\t<div class=\"team-member\" data-style=\"meta_below\"><a href=\"https:\/\/www.hrexperience.rs\/en\/govornici\/dragan-filipovic\/\" ><img decoding=\"async\" alt=\"Dragan Filipovi\u0107\" src=\"https:\/\/www.hrexperience.rs\/wp-content\/uploads\/2025\/02\/govornici-za-str-govorncii-2025-6.png\" title=\"Dragan Filipovic\" \/><\/a><h4 class=\"light\"><a class=\"extra-color-1\" href=\"https:\/\/www.hrexperience.rs\/en\/govornici\/dragan-filipovic\/\" >Dragan Filipovic<\/a><\/h4><div class=\"position\">CEO<\/div><p class=\"description\">Generali Osiguranje Srbija<\/p><ul class=\"social extra-color-1\"><li><a target=\"_blank\" href='https:\/\/www.linkedin.com\/in\/dragan-filipovic-95282386\/'>Linkedin<\/a><\/li><\/ul><\/div>\n\t\t<\/div> \n\t<\/div>\n\t<\/div> \n<\/div><\/div><div id=\"fws_69f16a2c1c389\" data-midnight=\"\" data-column-margin=\"default\" class=\"wpb_row vc_row-fluid vc_row inner_row\"  style=\"\"><div class=\"row-bg-wrap\"> <div class=\"row-bg\" ><\/div> <\/div><div class=\"row_col_wrap_12_inner col span_12  left\">\n\t<div  class=\"vc_col-sm-4 wpb_column column_container vc_column_container col child_column no-extra-padding inherit_tablet inherit_phone\"   data-padding-pos=\"all\" data-has-bg-color=\"false\" data-bg-color=\"\" data-bg-opacity=\"1\" data-animation=\"\" data-delay=\"0\" >\n\t\t<div class=\"vc_column-inner\" >\n\t\t<div class=\"wpb_wrapper\">\n\t\t\t<div class=\"team-member\" data-style=\"meta_below\"><a href=\"https:\/\/www.hrexperience.rs\/en\/govornici\/dragomir-kostic\/\" target=\"_blank\"><img decoding=\"async\" alt=\"Dragomir Kosti\u0107\" src=\"https:\/\/www.hrexperience.rs\/wp-content\/uploads\/2025\/02\/govornici-za-str-govorncii-2025-8.png\" title=\"Dragomir Kostic\" \/><\/a><h4 class=\"light\"><a class=\"extra-color-1\" href=\"https:\/\/www.hrexperience.rs\/en\/govornici\/dragomir-kostic\/\" target=\"_blank\">Dragomir Kostic<\/a><\/h4><div class=\"position\">CEO<\/div><p class=\"description\">Atlantic Brands<\/p><ul class=\"social extra-color-1\"><li><a target=\"_blank\" href='https:\/\/www.linkedin.com\/in\/dragomir-kosti%C4%87-08794789\/'>LinkedIn<\/a><\/li><\/ul><\/div>\n\t\t<\/div> \n\t<\/div>\n\t<\/div> \n\n\t<div  class=\"vc_col-sm-4 wpb_column column_container vc_column_container col child_column no-extra-padding inherit_tablet inherit_phone\"   data-padding-pos=\"all\" data-has-bg-color=\"false\" data-bg-color=\"\" data-bg-opacity=\"1\" data-animation=\"\" data-delay=\"0\" >\n\t\t<div class=\"vc_column-inner\" >\n\t\t<div class=\"wpb_wrapper\">\n\t\t\t<div class=\"team-member\" data-style=\"meta_below\"><a href=\"https:\/\/www.hrexperience.rs\/en\/govornici\/natalija-pesic-2\/\" ><img decoding=\"async\" alt=\"Natalija Pe\u0161i\u0107\" src=\"https:\/\/www.hrexperience.rs\/wp-content\/uploads\/2024\/12\/govornici-za-str-govorncii-2025-1.png\" title=\"Natalija Pesic\" \/><\/a><h4 class=\"light\"><a class=\"extra-color-1\" href=\"https:\/\/www.hrexperience.rs\/en\/govornici\/natalija-pesic-2\/\" >Natalija Pesic<\/a><\/h4><div class=\"position\">Head of Human Resources<\/div><p class=\"description\">A1 Srbija<\/p><ul class=\"social extra-color-1\"><li><a target=\"_blank\" href='https:\/\/www.linkedin.com\/in\/natalija-pesic-8877367\/'>Linkedin<\/a><\/li><\/ul><\/div>\n\t\t<\/div> \n\t<\/div>\n\t<\/div> \n\n\t<div  class=\"vc_col-sm-4 wpb_column column_container vc_column_container col child_column no-extra-padding inherit_tablet inherit_phone\"   data-padding-pos=\"all\" data-has-bg-color=\"false\" data-bg-color=\"\" data-bg-opacity=\"1\" data-animation=\"\" data-delay=\"0\" >\n\t\t<div class=\"vc_column-inner\" >\n\t\t<div class=\"wpb_wrapper\">\n\t\t\t<div class=\"team-member\" data-style=\"meta_below\"><a href=\"https:\/\/www.hrexperience.rs\/en\/govornici\/sonja-cetkovic\/\" ><img decoding=\"async\" alt=\"Sonja \u0106etkovi\u0107\" src=\"https:\/\/www.hrexperience.rs\/wp-content\/uploads\/2025\/02\/govornici-za-str-govorncii-2025-9.png\" title=\"Sonja \u0106etkovi\u0107\" \/><\/a><h4 class=\"light\"><a class=\"extra-color-1\" href=\"https:\/\/www.hrexperience.rs\/en\/govornici\/sonja-cetkovic\/\" >Sonja \u0106etkovi\u0107<\/a><\/h4><div class=\"position\">CEO<\/div><p class=\"description\">Infostud<\/p><ul class=\"social extra-color-1\"><li><a target=\"_blank\" href='https:\/\/www.linkedin.com\/in\/sonjacetkovic\/'>LinkedIn<\/a><\/li><\/ul><\/div>\n\t\t<\/div> \n\t<\/div>\n\t<\/div> \n<\/div><\/div><div id=\"fws_69f16a2c22141\" data-midnight=\"\" data-column-margin=\"default\" class=\"wpb_row vc_row-fluid vc_row inner_row\"  style=\"\"><div class=\"row-bg-wrap\"> <div class=\"row-bg\" ><\/div> <\/div><div class=\"row_col_wrap_12_inner col span_12  left\">\n\t<div  class=\"vc_col-sm-4 wpb_column column_container vc_column_container col child_column no-extra-padding inherit_tablet inherit_phone\"   data-padding-pos=\"all\" data-has-bg-color=\"false\" data-bg-color=\"\" data-bg-opacity=\"1\" data-animation=\"\" data-delay=\"0\" >\n\t\t<div class=\"vc_column-inner\" >\n\t\t<div class=\"wpb_wrapper\">\n\t\t\t\n\t\t<\/div> \n\t<\/div>\n\t<\/div> \n\n\t<div  class=\"vc_col-sm-4 wpb_column column_container vc_column_container col child_column no-extra-padding inherit_tablet inherit_phone\"   data-padding-pos=\"all\" data-has-bg-color=\"false\" data-bg-color=\"\" data-bg-opacity=\"1\" data-animation=\"\" data-delay=\"0\" >\n\t\t<div class=\"vc_column-inner\" >\n\t\t<div class=\"wpb_wrapper\">\n\t\t\t<div class=\"team-member\" data-style=\"meta_below\"><a href=\"https:\/\/www.hrexperience.rs\/en\/govornici\/milos-maksimovic\/\" ><img decoding=\"async\" alt=\"Milo\u0161 Maksimovi\u0107\" src=\"https:\/\/www.hrexperience.rs\/wp-content\/uploads\/2025\/01\/govornici-za-str-govorncii-2025-5.png\" title=\"Milo\u0161 Maksimovi\u0107\" \/><\/a><h4 class=\"light\"><a class=\"extra-color-1\" href=\"https:\/\/www.hrexperience.rs\/en\/govornici\/milos-maksimovic\/\" >Milo\u0161 Maksimovi\u0107<\/a><\/h4><div class=\"position\">Conference moderator<\/div><p class=\"description\"><\/p><ul class=\"social extra-color-1\"><li><a target=\"_blank\" href='https:\/\/www.linkedin.com\/in\/milos-maksimovic-726b8439\/'>Linkedin<\/a><\/li><\/ul><\/div>\n\t\t<\/div> \n\t<\/div>\n\t<\/div> \n\n\t<div  class=\"vc_col-sm-4 wpb_column column_container vc_column_container col child_column no-extra-padding inherit_tablet inherit_phone\"   data-padding-pos=\"all\" data-has-bg-color=\"false\" data-bg-color=\"\" data-bg-opacity=\"1\" data-animation=\"\" data-delay=\"0\" >\n\t\t<div class=\"vc_column-inner\" >\n\t\t<div class=\"wpb_wrapper\">\n\t\t\t\n\t\t<\/div> \n\t<\/div>\n\t<\/div> \n<\/div><\/div><div id=\"fws_69f16a2c25286\" data-midnight=\"\" data-column-margin=\"default\" class=\"wpb_row vc_row-fluid vc_row inner_row\"  style=\"\"><div class=\"row-bg-wrap\"> <div class=\"row-bg\" ><\/div> <\/div><div class=\"row_col_wrap_12_inner col span_12  left\">\n\t<div  class=\"vc_col-sm-3 wpb_column column_container vc_column_container col child_column no-extra-padding inherit_tablet inherit_phone\"   data-padding-pos=\"all\" data-has-bg-color=\"false\" data-bg-color=\"\" data-bg-opacity=\"1\" data-animation=\"\" data-delay=\"0\" >\n\t\t<div class=\"vc_column-inner\" >\n\t\t<div class=\"wpb_wrapper\">\n\t\t\t\n\t\t<\/div> \n\t<\/div>\n\t<\/div> \n<\/div><\/div>\n\t\t\t<\/div> \n\t\t<\/div>\n\t<\/div> \n<\/div><\/div>","protected":false},"excerpt":{"rendered":"Leigh Elena HendersonOsniva\u010dica i direktorkaHRManifestoLinkedin Martin LaschkolnigOsniva\u010d i direktorInstitut za razvoj potencijala, Linc, AustrijaLinkedin Dalibor \u0160umigaSpecijalista za neuromarketing i potro\u0161a\u010dku psihologiju, osniva\u010d i direktorPromosapiensLinkedin Milan Gospi\u0107Microsoft Garage Serbia LeadMicrosoftLinkedin Jovan...","protected":false},"author":1,"featured_media":4358,"parent":1019,"menu_order":3,"comment_status":"closed","ping_status":"closed","template":"","meta":{"footnotes":""},"class_list":["post-7144","page","type-page","status-publish","has-post-thumbnail"],"yoast_head":"<!-- This site is optimized with the Yoast SEO plugin v24.2 - https:\/\/yoast.com\/wordpress\/plugins\/seo\/ -->\n<title>Govornici 2025 - HR Experience<\/title>\n<meta name=\"description\" content=\"Betty Tsan Pelemish, Cyriel Kortleven, Madlen Medina, Mia Liljeberg, Rainer Petek, Ana Stevanovi\u0107\" \/>\n<meta name=\"robots\" content=\"index, follow, max-snippet:-1, max-image-preview:large, max-video-preview:-1\" \/>\n<link rel=\"canonical\" href=\"https:\/\/www.hrexperience.rs\/en\/arhiva\/govornici-2025\/\" \/>\n<meta property=\"og:locale\" content=\"en_US\" \/>\n<meta property=\"og:type\" content=\"article\" \/>\n<meta property=\"og:title\" content=\"Govornici 2025 - HR Experience\" \/>\n<meta property=\"og:description\" content=\"Betty Tsan Pelemish, Cyriel Kortleven, Madlen Medina, Mia Liljeberg, Rainer Petek, Ana Stevanovi\u0107\" \/>\n<meta property=\"og:url\" content=\"https:\/\/www.hrexperience.rs\/en\/arhiva\/govornici-2025\/\" \/>\n<meta property=\"og:site_name\" content=\"HR Experience\" \/>\n<meta property=\"article:publisher\" content=\"https:\/\/www.facebook.com\/poslovi\" \/>\n<meta property=\"article:modified_time\" content=\"2026-01-28T13:27:05+00:00\" \/>\n<meta property=\"og:image\" content=\"https:\/\/www.hrexperience.rs\/wp-content\/uploads\/2022\/12\/hr-experience-2023-featured.jpg\" \/>\n\t<meta property=\"og:image:width\" content=\"1200\" \/>\n\t<meta property=\"og:image:height\" content=\"628\" \/>\n\t<meta property=\"og:image:type\" content=\"image\/jpeg\" \/>\n<meta name=\"twitter:card\" content=\"summary_large_image\" \/>\n<meta name=\"twitter:site\" content=\"@infostud\" \/>\n<meta name=\"twitter:label1\" content=\"Est. reading time\" \/>\n\t<meta name=\"twitter:data1\" content=\"3 minutes\" \/>\n<script type=\"application\/ld+json\" class=\"yoast-schema-graph\">{\"@context\":\"https:\/\/schema.org\",\"@graph\":[{\"@type\":\"WebPage\",\"@id\":\"https:\/\/www.hrexperience.rs\/arhiva\/govornici-2025\/\",\"url\":\"https:\/\/www.hrexperience.rs\/arhiva\/govornici-2025\/\",\"name\":\"Govornici 2025 - HR Experience\",\"isPartOf\":{\"@id\":\"https:\/\/www.hrexperience.rs\/#website\"},\"primaryImageOfPage\":{\"@id\":\"https:\/\/www.hrexperience.rs\/arhiva\/govornici-2025\/#primaryimage\"},\"image\":{\"@id\":\"https:\/\/www.hrexperience.rs\/arhiva\/govornici-2025\/#primaryimage\"},\"thumbnailUrl\":\"https:\/\/www.hrexperience.rs\/wp-content\/uploads\/2022\/12\/hr-experience-2023-featured.jpg\",\"datePublished\":\"2024-12-19T12:29:28+00:00\",\"dateModified\":\"2026-01-28T13:27:05+00:00\",\"description\":\"Betty Tsan Pelemish, Cyriel Kortleven, Madlen Medina, Mia Liljeberg, Rainer Petek, Ana Stevanovi\u0107\",\"breadcrumb\":{\"@id\":\"https:\/\/www.hrexperience.rs\/arhiva\/govornici-2025\/#breadcrumb\"},\"inLanguage\":\"en-US\",\"potentialAction\":[{\"@type\":\"ReadAction\",\"target\":[\"https:\/\/www.hrexperience.rs\/arhiva\/govornici-2025\/\"]}]},{\"@type\":\"ImageObject\",\"inLanguage\":\"en-US\",\"@id\":\"https:\/\/www.hrexperience.rs\/arhiva\/govornici-2025\/#primaryimage\",\"url\":\"https:\/\/www.hrexperience.rs\/wp-content\/uploads\/2022\/12\/hr-experience-2023-featured.jpg\",\"contentUrl\":\"https:\/\/www.hrexperience.rs\/wp-content\/uploads\/2022\/12\/hr-experience-2023-featured.jpg\",\"width\":1200,\"height\":628,\"caption\":\"HR Experience\"},{\"@type\":\"BreadcrumbList\",\"@id\":\"https:\/\/www.hrexperience.rs\/arhiva\/govornici-2025\/#breadcrumb\",\"itemListElement\":[{\"@type\":\"ListItem\",\"position\":1,\"name\":\"Arhiva\",\"item\":\"https:\/\/www.hrexperience.rs\/arhiva\/\"},{\"@type\":\"ListItem\",\"position\":2,\"name\":\"Govornici\"}]},{\"@type\":\"WebSite\",\"@id\":\"https:\/\/www.hrexperience.rs\/#website\",\"url\":\"https:\/\/www.hrexperience.rs\/\",\"name\":\"HR Experience\",\"description\":\"Trendovi. Prakse. Inspiracija.\",\"publisher\":{\"@id\":\"https:\/\/www.hrexperience.rs\/#organization\"},\"potentialAction\":[{\"@type\":\"SearchAction\",\"target\":{\"@type\":\"EntryPoint\",\"urlTemplate\":\"https:\/\/www.hrexperience.rs\/?s={search_term_string}\"},\"query-input\":{\"@type\":\"PropertyValueSpecification\",\"valueRequired\":true,\"valueName\":\"search_term_string\"}}],\"inLanguage\":\"en-US\"},{\"@type\":\"Organization\",\"@id\":\"https:\/\/www.hrexperience.rs\/#organization\",\"name\":\"HRexperience\",\"url\":\"https:\/\/www.hrexperience.rs\/\",\"logo\":{\"@type\":\"ImageObject\",\"inLanguage\":\"en-US\",\"@id\":\"https:\/\/www.hrexperience.rs\/#\/schema\/logo\/image\/\",\"url\":\"https:\/\/www.hrexperience.rs\/wp-content\/uploads\/2021\/12\/hrexperience-2022-logo.svg\",\"contentUrl\":\"https:\/\/www.hrexperience.rs\/wp-content\/uploads\/2021\/12\/hrexperience-2022-logo.svg\",\"width\":1,\"height\":1,\"caption\":\"HRexperience\"},\"image\":{\"@id\":\"https:\/\/www.hrexperience.rs\/#\/schema\/logo\/image\/\"},\"sameAs\":[\"https:\/\/www.facebook.com\/poslovi\",\"https:\/\/x.com\/infostud\",\"https:\/\/www.instagram.com\/poslovi_infostud\/\",\"https:\/\/www.linkedin.com\/company\/poslovi-infostud\/\",\"https:\/\/www.youtube.com\/c\/infostudposlovi\",\"https:\/\/sr.wikipedia.org\/sr-el\/Infostud\"]}]}<\/script>\n<!-- \/ Yoast SEO plugin. -->","yoast_head_json":{"title":"Govornici 2025 - HR Experience","description":"Betty Tsan Pelemish, Cyriel Kortleven, Madlen Medina, Mia Liljeberg, Rainer Petek, Ana Stevanovi\u0107","robots":{"index":"index","follow":"follow","max-snippet":"max-snippet:-1","max-image-preview":"max-image-preview:large","max-video-preview":"max-video-preview:-1"},"canonical":"https:\/\/www.hrexperience.rs\/en\/arhiva\/govornici-2025\/","og_locale":"en_US","og_type":"article","og_title":"Govornici 2025 - HR Experience","og_description":"Betty Tsan Pelemish, Cyriel Kortleven, Madlen Medina, Mia Liljeberg, Rainer Petek, Ana Stevanovi\u0107","og_url":"https:\/\/www.hrexperience.rs\/en\/arhiva\/govornici-2025\/","og_site_name":"HR Experience","article_publisher":"https:\/\/www.facebook.com\/poslovi","article_modified_time":"2026-01-28T13:27:05+00:00","og_image":[{"width":1200,"height":628,"url":"https:\/\/www.hrexperience.rs\/wp-content\/uploads\/2022\/12\/hr-experience-2023-featured.jpg","type":"image\/jpeg"}],"twitter_card":"summary_large_image","twitter_site":"@infostud","twitter_misc":{"Est. reading time":"3 minutes"},"schema":{"@context":"https:\/\/schema.org","@graph":[{"@type":"WebPage","@id":"https:\/\/www.hrexperience.rs\/arhiva\/govornici-2025\/","url":"https:\/\/www.hrexperience.rs\/arhiva\/govornici-2025\/","name":"Govornici 2025 - HR Experience","isPartOf":{"@id":"https:\/\/www.hrexperience.rs\/#website"},"primaryImageOfPage":{"@id":"https:\/\/www.hrexperience.rs\/arhiva\/govornici-2025\/#primaryimage"},"image":{"@id":"https:\/\/www.hrexperience.rs\/arhiva\/govornici-2025\/#primaryimage"},"thumbnailUrl":"https:\/\/www.hrexperience.rs\/wp-content\/uploads\/2022\/12\/hr-experience-2023-featured.jpg","datePublished":"2024-12-19T12:29:28+00:00","dateModified":"2026-01-28T13:27:05+00:00","description":"Betty Tsan Pelemish, Cyriel Kortleven, Madlen Medina, Mia Liljeberg, Rainer Petek, Ana Stevanovi\u0107","breadcrumb":{"@id":"https:\/\/www.hrexperience.rs\/arhiva\/govornici-2025\/#breadcrumb"},"inLanguage":"en-US","potentialAction":[{"@type":"ReadAction","target":["https:\/\/www.hrexperience.rs\/arhiva\/govornici-2025\/"]}]},{"@type":"ImageObject","inLanguage":"en-US","@id":"https:\/\/www.hrexperience.rs\/arhiva\/govornici-2025\/#primaryimage","url":"https:\/\/www.hrexperience.rs\/wp-content\/uploads\/2022\/12\/hr-experience-2023-featured.jpg","contentUrl":"https:\/\/www.hrexperience.rs\/wp-content\/uploads\/2022\/12\/hr-experience-2023-featured.jpg","width":1200,"height":628,"caption":"HR Experience"},{"@type":"BreadcrumbList","@id":"https:\/\/www.hrexperience.rs\/arhiva\/govornici-2025\/#breadcrumb","itemListElement":[{"@type":"ListItem","position":1,"name":"Arhiva","item":"https:\/\/www.hrexperience.rs\/arhiva\/"},{"@type":"ListItem","position":2,"name":"Govornici"}]},{"@type":"WebSite","@id":"https:\/\/www.hrexperience.rs\/#website","url":"https:\/\/www.hrexperience.rs\/","name":"HR Experience","description":"Trendovi. Prakse. Inspiracija.","publisher":{"@id":"https:\/\/www.hrexperience.rs\/#organization"},"potentialAction":[{"@type":"SearchAction","target":{"@type":"EntryPoint","urlTemplate":"https:\/\/www.hrexperience.rs\/?s={search_term_string}"},"query-input":{"@type":"PropertyValueSpecification","valueRequired":true,"valueName":"search_term_string"}}],"inLanguage":"en-US"},{"@type":"Organization","@id":"https:\/\/www.hrexperience.rs\/#organization","name":"HRexperience","url":"https:\/\/www.hrexperience.rs\/","logo":{"@type":"ImageObject","inLanguage":"en-US","@id":"https:\/\/www.hrexperience.rs\/#\/schema\/logo\/image\/","url":"https:\/\/www.hrexperience.rs\/wp-content\/uploads\/2021\/12\/hrexperience-2022-logo.svg","contentUrl":"https:\/\/www.hrexperience.rs\/wp-content\/uploads\/2021\/12\/hrexperience-2022-logo.svg","width":1,"height":1,"caption":"HRexperience"},"image":{"@id":"https:\/\/www.hrexperience.rs\/#\/schema\/logo\/image\/"},"sameAs":["https:\/\/www.facebook.com\/poslovi","https:\/\/x.com\/infostud","https:\/\/www.instagram.com\/poslovi_infostud\/","https:\/\/www.linkedin.com\/company\/poslovi-infostud\/","https:\/\/www.youtube.com\/c\/infostudposlovi","https:\/\/sr.wikipedia.org\/sr-el\/Infostud"]}]}},"_links":{"self":[{"href":"https:\/\/www.hrexperience.rs\/en\/wp-json\/wp\/v2\/pages\/7144","targetHints":{"allow":["GET"]}}],"collection":[{"href":"https:\/\/www.hrexperience.rs\/en\/wp-json\/wp\/v2\/pages"}],"about":[{"href":"https:\/\/www.hrexperience.rs\/en\/wp-json\/wp\/v2\/types\/page"}],"author":[{"embeddable":true,"href":"https:\/\/www.hrexperience.rs\/en\/wp-json\/wp\/v2\/users\/1"}],"replies":[{"embeddable":true,"href":"https:\/\/www.hrexperience.rs\/en\/wp-json\/wp\/v2\/comments?post=7144"}],"version-history":[{"count":37,"href":"https:\/\/www.hrexperience.rs\/en\/wp-json\/wp\/v2\/pages\/7144\/revisions"}],"predecessor-version":[{"id":7524,"href":"https:\/\/www.hrexperience.rs\/en\/wp-json\/wp\/v2\/pages\/7144\/revisions\/7524"}],"up":[{"embeddable":true,"href":"https:\/\/www.hrexperience.rs\/en\/wp-json\/wp\/v2\/pages\/1019"}],"wp:featuredmedia":[{"embeddable":true,"href":"https:\/\/www.hrexperience.rs\/en\/wp-json\/wp\/v2\/media\/4358"}],"wp:attachment":[{"href":"https:\/\/www.hrexperience.rs\/en\/wp-json\/wp\/v2\/media?parent=7144"}],"curies":[{"name":"wp","href":"https:\/\/api.w.org\/{rel}","templated":true}]}}