
{"id":480,"date":"2023-11-01T12:00:50","date_gmt":"2023-11-01T11:00:50","guid":{"rendered":"https:\/\/www.hrexperience.rs\/?page_id=480"},"modified":"2024-11-29T10:32:43","modified_gmt":"2024-11-29T09:32:43","slug":"govornici-2024","status":"publish","type":"page","link":"https:\/\/www.hrexperience.rs\/en\/arhiva\/govornici-2024\/","title":{"rendered":"SPEAKERS 2024"},"content":{"rendered":"<div id=\"fws_69f3b59bee4d1\"  data-column-margin=\"20px\" data-midnight=\"dark\"  class=\"wpb_row vc_row-fluid vc_row\"  style=\"padding-top: 60px; padding-bottom: 0px; \"><div class=\"row-bg-wrap\" data-bg-animation=\"none\" data-bg-animation-delay=\"\" data-bg-overlay=\"false\"><div class=\"inner-wrap row-bg-layer\" ><div class=\"row-bg viewport-desktop\"  style=\"\"><\/div><\/div><\/div><div class=\"row_col_wrap_12 col span_12 dark left\">\n\t<div  class=\"vc_col-sm-3 vc_col-lg-offset-0 vc_col-lg-3 vc_col-md-offset-0 vc_col-md-3 vc_col-sm-offset-0 vc_col-xs-12 wpb_column column_container vc_column_container col no-extra-padding inherit_tablet padding-3-percent_phone\"  data-t-w-inherits=\"small_desktop\" data-padding-pos=\"left-right\" data-has-bg-color=\"false\" data-bg-color=\"\" data-bg-opacity=\"1\" data-animation=\"\" data-delay=\"0\" >\n\t\t<div class=\"vc_column-inner\" >\n\t\t\t<div class=\"wpb_wrapper\">\n\t\t\t\t<div class=\"team-member\" data-style=\"meta_below\"><a href=\"https:\/\/www.hrexperience.rs\/en\/govornici\/betty-tsan-pelemish\/\" ><img decoding=\"async\" alt=\"\" src=\"https:\/\/www.hrexperience.rs\/wp-content\/uploads\/2024\/05\/Nenaslovljeni-dizajn-17.png\" title=\"Betty Pelemish\" \/><\/a><h4 class=\"light\"><a class=\"extra-color-1\" href=\"https:\/\/www.hrexperience.rs\/en\/govornici\/betty-tsan-pelemish\/\" >Betty Pelemish<\/a><\/h4><div class=\"position\">Direktorka akvizicije talenata<\/div><p class=\"description\">Linkedin<\/p><ul class=\"social extra-color-1\"><li><a target=\"_blank\" href='https:\/\/www.linkedin.com\/in\/bettypelemish\/'>Linkedin<\/a><\/li><\/ul><\/div>\n\t\t\t<\/div> \n\t\t<\/div>\n\t<\/div> \n\n\t<div  class=\"vc_col-sm-3 vc_col-lg-offset-0 vc_col-lg-3 vc_col-md-offset-0 vc_col-md-3 vc_col-sm-offset-0 vc_col-xs-12 wpb_column column_container vc_column_container col no-extra-padding inherit_tablet padding-3-percent_phone\"  data-t-w-inherits=\"small_desktop\" data-padding-pos=\"left-right\" data-has-bg-color=\"false\" data-bg-color=\"\" data-bg-opacity=\"1\" data-animation=\"\" data-delay=\"0\" >\n\t\t<div class=\"vc_column-inner\" >\n\t\t\t<div class=\"wpb_wrapper\">\n\t\t\t\t<div class=\"team-member\" data-style=\"meta_below\"><a href=\"https:\/\/www.hrexperience.rs\/en\/govornici\/mia-liljeberg\/\" ><img decoding=\"async\" alt=\"Mia Liljeberg\" src=\"https:\/\/www.hrexperience.rs\/wp-content\/uploads\/2023\/12\/mia-liljeberg-2024-thumb.jpg\" title=\"Mia Liljeberg\" \/><\/a><h4 class=\"light\"><a class=\"extra-color-1\" href=\"https:\/\/www.hrexperience.rs\/en\/govornici\/mia-liljeberg\/\" >Mia Liljeberg<\/a><\/h4><div class=\"position\">Me\u0111unarodna stru\u010dnjakinja za digitalno liderstvo<\/div><p class=\"description\"><\/p><ul class=\"social extra-color-1\"><li><a target=\"_blank\" href='https:\/\/www.linkedin.com\/in\/mialiljeberg\/'>LinkedIn<\/a><\/li><\/ul><\/div>\n\t\t\t<\/div> \n\t\t<\/div>\n\t<\/div> \n\n\t<div  class=\"vc_col-sm-3 vc_col-lg-offset-0 vc_col-lg-3 vc_col-md-offset-0 vc_col-md-3 vc_col-sm-offset-0 vc_col-xs-12 wpb_column column_container vc_column_container col no-extra-padding inherit_tablet padding-3-percent_phone\"  data-t-w-inherits=\"small_desktop\" data-padding-pos=\"left-right\" data-has-bg-color=\"false\" data-bg-color=\"\" data-bg-opacity=\"1\" data-animation=\"\" data-delay=\"0\" >\n\t\t<div class=\"vc_column-inner\" >\n\t\t\t<div class=\"wpb_wrapper\">\n\t\t\t\t<div class=\"team-member\" data-style=\"meta_below\"><a href=\"https:\/\/www.hrexperience.rs\/en\/govornici\/cyriel-kortleven\/\" ><img decoding=\"async\" alt=\"Cyriel Kortleven\" src=\"https:\/\/www.hrexperience.rs\/wp-content\/uploads\/2023\/12\/cyriel-kortleven-2024-thumb.jpg\" title=\"Cyriel Kortleven\" \/><\/a><h4 class=\"light\"><a class=\"extra-color-1\" href=\"https:\/\/www.hrexperience.rs\/en\/govornici\/cyriel-kortleven\/\" >Cyriel Kortleven<\/a><\/h4><div class=\"position\">Internacionalni motivacioni govornik<\/div><p class=\"description\">the Change Mindset<\/p><ul class=\"social extra-color-1\"><li><a target=\"_blank\" href='https:\/\/www.linkedin.com\/in\/cyrielkortleven\/'>LinkedIn<\/a><\/li><\/ul><\/div>\n\t\t\t<\/div> \n\t\t<\/div>\n\t<\/div> \n\n\t<div  class=\"vc_col-sm-3 vc_col-lg-offset-0 vc_col-lg-3 vc_col-md-offset-0 vc_col-md-3 vc_col-sm-offset-0 vc_col-xs-12 wpb_column column_container vc_column_container col no-extra-padding inherit_tablet padding-3-percent_phone\"  data-t-w-inherits=\"small_desktop\" data-padding-pos=\"left-right\" data-has-bg-color=\"false\" data-bg-color=\"\" data-bg-opacity=\"1\" data-animation=\"\" data-delay=\"0\" >\n\t\t<div class=\"vc_column-inner\" >\n\t\t\t<div class=\"wpb_wrapper\">\n\t\t\t\t<div class=\"team-member\" data-style=\"meta_below\"><a href=\"https:\/\/www.hrexperience.rs\/en\/govornici\/ana-stevanovic\/\" ><img decoding=\"async\" alt=\"Ana Stevanovi\u0107\" src=\"https:\/\/www.hrexperience.rs\/wp-content\/uploads\/2024\/01\/ana-stevanovic-2024-thumb.jpg\" title=\"Ana Stevanovi\u0107\" \/><\/a><h4 class=\"light\"><a class=\"extra-color-1\" href=\"https:\/\/www.hrexperience.rs\/en\/govornici\/ana-stevanovic\/\" >Ana Stevanovi\u0107<\/a><\/h4><div class=\"position\">Founder and CEO<\/div><p class=\"description\">Stevanovic Consulting GmbH<\/p><ul class=\"social extra-color-1\"><li><a target=\"_blank\" href='https:\/\/www.linkedin.com\/in\/ana-stevanovi\u0107-dmd\/'>Linkedin<\/a><\/li><\/ul><\/div>\n\t\t\t<\/div> \n\t\t<\/div>\n\t<\/div> \n<\/div><\/div>\n\t\t<div id=\"fws_69f3b59bf178c\"  data-column-margin=\"default\" data-midnight=\"dark\"  class=\"wpb_row vc_row-fluid vc_row\"  style=\"padding-top: 0px; padding-bottom: 20px; \"><div class=\"row-bg-wrap\" data-bg-animation=\"none\" data-bg-animation-delay=\"\" data-bg-overlay=\"false\"><div class=\"inner-wrap row-bg-layer\" ><div class=\"row-bg viewport-desktop\"  style=\"\"><\/div><\/div><\/div><div class=\"row_col_wrap_12 col span_12 dark left\">\n\t<div  class=\"vc_col-sm-3 wpb_column column_container vc_column_container col no-extra-padding inherit_tablet inherit_phone\"  data-padding-pos=\"all\" data-has-bg-color=\"false\" data-bg-color=\"\" data-bg-opacity=\"1\" data-animation=\"\" data-delay=\"0\" >\n\t\t<div class=\"vc_column-inner\" >\n\t\t\t<div class=\"wpb_wrapper\">\n\t\t\t\t\n\t\t\t<\/div> \n\t\t<\/div>\n\t<\/div> \n\n\t<div  class=\"vc_col-sm-3 wpb_column column_container vc_column_container col no-extra-padding inherit_tablet inherit_phone\"  data-padding-pos=\"all\" data-has-bg-color=\"false\" data-bg-color=\"\" data-bg-opacity=\"1\" data-animation=\"\" data-delay=\"0\" >\n\t\t<div class=\"vc_column-inner\" >\n\t\t\t<div class=\"wpb_wrapper\">\n\t\t\t\t<div class=\"team-member\" data-style=\"meta_below\"><a href=\"https:\/\/www.hrexperience.rs\/en\/govornici\/rainer-petek\/\" ><img decoding=\"async\" alt=\"Rainer Petek\" src=\"https:\/\/www.hrexperience.rs\/wp-content\/uploads\/2024\/01\/rainer-petek-2024-thumb.jpg\" title=\"Rainer Petek\" \/><\/a><h4 class=\"light\"><a class=\"extra-color-1\" href=\"https:\/\/www.hrexperience.rs\/en\/govornici\/rainer-petek\/\" >Rainer Petek<\/a><\/h4><div class=\"position\">Strate\u0161ki savetnik i alpinista<\/div><p class=\"description\">Das Nordwand-Prinzip<\/p><ul class=\"social extra-color-1\"><li><a target=\"_blank\" href='https:\/\/www.linkedin.com\/in\/rainer-petek\/'>Linkedin<\/a><\/li><\/ul><\/div>\n\t\t\t<\/div> \n\t\t<\/div>\n\t<\/div> \n\n\t<div  class=\"vc_col-sm-3 wpb_column column_container vc_column_container col no-extra-padding inherit_tablet inherit_phone\"  data-padding-pos=\"all\" data-has-bg-color=\"false\" data-bg-color=\"\" data-bg-opacity=\"1\" data-animation=\"\" data-delay=\"0\" >\n\t\t<div class=\"vc_column-inner\" >\n\t\t\t<div class=\"wpb_wrapper\">\n\t\t\t\t<div class=\"team-member\" data-style=\"meta_below\"><a href=\"https:\/\/www.hrexperience.rs\/en\/govornici\/sonja-cetkovic\/\" ><img decoding=\"async\" alt=\"\" src=\"https:\/\/www.hrexperience.rs\/wp-content\/uploads\/2024\/04\/Nenaslovljeni-dizajn-15.png\" title=\"Sonja \u0106etkovi\u0107\" \/><\/a><h4 class=\"light\"><a class=\"extra-color-1\" href=\"https:\/\/www.hrexperience.rs\/en\/govornici\/sonja-cetkovic\/\" >Sonja \u0106etkovi\u0107<\/a><\/h4><div class=\"position\">CEO<\/div><p class=\"description\">Infostud<\/p><ul class=\"social extra-color-1\"><li><a target=\"_blank\" href='https:\/\/www.linkedin.com\/in\/sonjacetkovic\/'>LinkedIn<\/a><\/li><\/ul><\/div>\n\t\t\t<\/div> \n\t\t<\/div>\n\t<\/div> \n\n\t<div  class=\"vc_col-sm-3 hide-column wpb_column column_container vc_column_container col no-extra-padding inherit_tablet inherit_phone\"  data-padding-pos=\"all\" data-has-bg-color=\"false\" data-bg-color=\"\" data-bg-opacity=\"1\" data-animation=\"\" data-delay=\"0\" >\n\t\t<div class=\"vc_column-inner\" >\n\t\t\t<div class=\"wpb_wrapper\">\n\t\t\t\t\n\t\t\t<\/div> \n\t\t<\/div>\n\t<\/div> \n<\/div><\/div>\n\t\t<div id=\"fws_69f3b59bf3134\"  data-column-margin=\"default\" data-midnight=\"dark\"  class=\"wpb_row vc_row-fluid vc_row\"  style=\"padding-top: 40px; padding-bottom: 0px; \"><div class=\"row-bg-wrap\" data-bg-animation=\"none\" data-bg-animation-delay=\"\" data-bg-overlay=\"false\"><div class=\"inner-wrap row-bg-layer\" ><div class=\"row-bg viewport-desktop\"  style=\"\"><\/div><\/div><\/div><div class=\"row_col_wrap_12 col span_12 dark left\">\n\t<div  class=\"vc_col-sm-12 wpb_column column_container vc_column_container col centered-text no-extra-padding inherit_tablet inherit_phone\"  data-padding-pos=\"all\" data-has-bg-color=\"false\" data-bg-color=\"\" data-bg-opacity=\"1\" data-animation=\"\" data-delay=\"0\" >\n\t\t<div class=\"vc_column-inner\" >\n\t\t\t<div class=\"wpb_wrapper\">\n\t\t\t\t<div class=\"nectar-gradient-text\" data-direction=\"horizontal\" data-color=\"extra-color-gradient-1\" style=\"margin-bottom: 10px; \"><h2>Moderator<\/h2><\/div>\n\t\t\t<\/div> \n\t\t<\/div>\n\t<\/div> \n<\/div><\/div>\n\t\t<div id=\"fws_69f3b59bf3b74\"  data-column-margin=\"default\" data-midnight=\"dark\"  class=\"wpb_row vc_row-fluid vc_row\"  style=\"padding-top: 0px; padding-bottom: 0px; \"><div class=\"row-bg-wrap\" data-bg-animation=\"none\" data-bg-animation-delay=\"\" data-bg-overlay=\"false\"><div class=\"inner-wrap row-bg-layer\" ><div class=\"row-bg viewport-desktop\"  style=\"\"><\/div><\/div><\/div><div class=\"row_col_wrap_12 col span_12 dark left\">\n\t<div  class=\"vc_col-sm-1\/5 wpb_column column_container vc_column_container col centered-text no-extra-padding inherit_tablet inherit_phone\"  data-padding-pos=\"all\" data-has-bg-color=\"false\" data-bg-color=\"\" data-bg-opacity=\"1\" data-animation=\"\" data-delay=\"0\" >\n\t\t<div class=\"vc_column-inner\" >\n\t\t\t<div class=\"wpb_wrapper\">\n\t\t\t\t\n\t\t\t<\/div> \n\t\t<\/div>\n\t<\/div> \n\n\t<div  class=\"vc_col-sm-1\/5 wpb_column column_container vc_column_container col no-extra-padding inherit_tablet inherit_phone\"  data-padding-pos=\"all\" data-has-bg-color=\"false\" data-bg-color=\"\" data-bg-opacity=\"1\" data-animation=\"\" data-delay=\"0\" >\n\t\t<div class=\"vc_column-inner\" >\n\t\t\t<div class=\"wpb_wrapper\">\n\t\t\t\t\n\t\t\t<\/div> \n\t\t<\/div>\n\t<\/div> \n\n\t<div  class=\"vc_col-sm-1\/5 wpb_column column_container vc_column_container col no-extra-padding inherit_tablet inherit_phone\"  data-padding-pos=\"all\" data-has-bg-color=\"false\" data-bg-color=\"\" data-bg-opacity=\"1\" data-animation=\"\" data-delay=\"0\" >\n\t\t<div class=\"vc_column-inner\" >\n\t\t\t<div class=\"wpb_wrapper\">\n\t\t\t\t<div class=\"team-member\" data-style=\"meta_below\"><a href=\"https:\/\/www.hrexperience.rs\/en\/govornici\/milos-maksimovic\/\" ><img decoding=\"async\" alt=\"Milo\u0161 Maksimovi\u0107\" src=\"https:\/\/www.hrexperience.rs\/wp-content\/uploads\/2023\/12\/milos-maksimovic-2024-thumb.jpg\" title=\"Milo\u0161 Maksimovi\u0107\" \/><\/a><h4 class=\"light\"><a class=\"extra-color-1\" href=\"https:\/\/www.hrexperience.rs\/en\/govornici\/milos-maksimovic\/\" >Milo\u0161 Maksimovi\u0107<\/a><\/h4><div class=\"position\">Conference moderator<\/div><p class=\"description\"><\/p><ul class=\"social extra-color-1\"><li><a target=\"_blank\" href='https:\/\/www.linkedin.com\/in\/milos-maksimovic-726b8439\/'>LinkedIn<\/a><\/li><\/ul><\/div>\n\t\t\t<\/div> \n\t\t<\/div>\n\t<\/div> \n\n\t<div  class=\"vc_col-sm-1\/5 wpb_column column_container vc_column_container col no-extra-padding inherit_tablet inherit_phone\"  data-padding-pos=\"all\" data-has-bg-color=\"false\" data-bg-color=\"\" data-bg-opacity=\"1\" data-animation=\"\" data-delay=\"0\" >\n\t\t<div class=\"vc_column-inner\" >\n\t\t\t<div class=\"wpb_wrapper\">\n\t\t\t\t\n\t\t\t<\/div> \n\t\t<\/div>\n\t<\/div> \n\n\t<div  class=\"vc_col-sm-1\/5 wpb_column column_container vc_column_container col no-extra-padding inherit_tablet inherit_phone\"  data-padding-pos=\"all\" data-has-bg-color=\"false\" data-bg-color=\"\" data-bg-opacity=\"1\" data-animation=\"\" data-delay=\"0\" >\n\t\t<div class=\"vc_column-inner\" >\n\t\t\t<div class=\"wpb_wrapper\">\n\t\t\t\t\n\t\t\t<\/div> \n\t\t<\/div>\n\t<\/div> \n<\/div><\/div>\n\t\t<div id=\"fws_69f3b59c00987\"  data-column-margin=\"20px\" data-midnight=\"dark\"  class=\"wpb_row vc_row-fluid vc_row vc_row-o-equal-height vc_row-flex vc_row-o-content-top  top_padding_tablet_0px top_padding_phone_0px bottom_padding_tablet_30px bottom_padding_phone_30px\"  style=\"padding-top: 0px; padding-bottom: 60px; \"><div class=\"row-bg-wrap\" data-bg-animation=\"none\" data-bg-animation-delay=\"\" data-bg-overlay=\"false\"><div class=\"inner-wrap row-bg-layer\" ><div class=\"row-bg viewport-desktop\"  style=\"\"><\/div><\/div><\/div><div class=\"row_col_wrap_12 col span_12 dark left\">\n\t<div  class=\"vc_col-sm-12 wpb_column column_container vc_column_container col centered-text has-animation no-extra-padding inherit_tablet inherit_phone\"  data-padding-pos=\"all\" data-has-bg-color=\"false\" data-bg-color=\"\" data-bg-opacity=\"1\" data-animation=\"slight-fade-in-from-bottom\" data-delay=\"400\" >\n\t\t<div class=\"vc_column-inner\" >\n\t\t\t<div class=\"wpb_wrapper\">\n\t\t\t\t<div class=\"divider-wrap\" data-alignment=\"default\"><div style=\"margin-top: 30px; height: 2px; margin-bottom: 30px;\" data-width=\"100%\" data-animate=\"yes\" data-animation-delay=\"\" data-color=\"default\" class=\"divider-border\"><\/div><\/div><a class=\"nectar-button medium regular m-extra-color-gradient-1 has-icon wpb_animate_when_almost_visible wpb_fadeIn fadeIn\"  role=\"button\" style=\"margin-top: 20px; \"  href=\"https:\/\/www.hrexperience.rs\/en\/arhiva\/program-2024\/\" data-color-override=\"false\" data-hover-color-override=\"false\" data-hover-text-color-override=\"#fff\"><span>Pogledaj program<\/span><i  class=\"icon-button-arrow\"><\/i><\/a>\n\t\t\t<\/div> \n\t\t<\/div>\n\t<\/div> \n<\/div><\/div>","protected":false},"excerpt":{"rendered":"Betty PelemishDirektorka akvizicije talenataLinkedinLinkedin Mia LiljebergMe\u0111unarodna stru\u010dnjakinja za digitalno liderstvoLinkedIn Cyriel KortlevenInternacionalni motivacioni govornikthe Change MindsetLinkedIn Ana Stevanovi\u0107Osniva\u010dica i direktorkaStevanovic Consulting GmbHLinkedin Rainer PetekStrate\u0161ki savetnik i alpinistaDas Nordwand-PrinzipLinkedin Sonja \u0106etkovi\u0107Izvr\u0161na...","protected":false},"author":1,"featured_media":4358,"parent":1019,"menu_order":3,"comment_status":"closed","ping_status":"closed","template":"","meta":{"footnotes":""},"class_list":["post-480","page","type-page","status-publish","has-post-thumbnail"],"yoast_head":"<!-- This site is optimized with the Yoast SEO plugin v24.2 - https:\/\/yoast.com\/wordpress\/plugins\/seo\/ -->\n<title>Govornici 2024 - HR Experience<\/title>\n<meta name=\"description\" content=\"Betty Tsan Pelemish, Cyriel Kortleven, Madlen Medina, Mia Liljeberg, Rainer Petek, Ana Stevanovi\u0107\" \/>\n<meta name=\"robots\" content=\"index, follow, max-snippet:-1, max-image-preview:large, max-video-preview:-1\" \/>\n<link rel=\"canonical\" href=\"https:\/\/www.hrexperience.rs\/en\/arhiva\/govornici-2024\/\" \/>\n<meta property=\"og:locale\" content=\"en_US\" \/>\n<meta property=\"og:type\" content=\"article\" \/>\n<meta property=\"og:title\" content=\"Govornici 2024 - HR Experience\" \/>\n<meta property=\"og:description\" content=\"Betty Tsan Pelemish, Cyriel Kortleven, Madlen Medina, Mia Liljeberg, Rainer Petek, Ana Stevanovi\u0107\" \/>\n<meta property=\"og:url\" content=\"https:\/\/www.hrexperience.rs\/en\/arhiva\/govornici-2024\/\" \/>\n<meta property=\"og:site_name\" content=\"HR Experience\" \/>\n<meta property=\"article:publisher\" content=\"https:\/\/www.facebook.com\/poslovi\" \/>\n<meta property=\"article:modified_time\" content=\"2024-11-29T09:32:43+00:00\" \/>\n<meta property=\"og:image\" content=\"https:\/\/www.hrexperience.rs\/wp-content\/uploads\/2022\/12\/hr-experience-2023-featured.jpg\" \/>\n\t<meta property=\"og:image:width\" content=\"1200\" \/>\n\t<meta property=\"og:image:height\" content=\"628\" \/>\n\t<meta property=\"og:image:type\" content=\"image\/jpeg\" \/>\n<meta name=\"twitter:card\" content=\"summary_large_image\" \/>\n<meta name=\"twitter:site\" content=\"@infostud\" \/>\n<meta name=\"twitter:label1\" content=\"Est. reading time\" \/>\n\t<meta name=\"twitter:data1\" content=\"2 minutes\" \/>\n<script type=\"application\/ld+json\" class=\"yoast-schema-graph\">{\"@context\":\"https:\/\/schema.org\",\"@graph\":[{\"@type\":\"WebPage\",\"@id\":\"https:\/\/www.hrexperience.rs\/arhiva\/govornici-2024\/\",\"url\":\"https:\/\/www.hrexperience.rs\/arhiva\/govornici-2024\/\",\"name\":\"Govornici 2024 - HR Experience\",\"isPartOf\":{\"@id\":\"https:\/\/www.hrexperience.rs\/#website\"},\"primaryImageOfPage\":{\"@id\":\"https:\/\/www.hrexperience.rs\/arhiva\/govornici-2024\/#primaryimage\"},\"image\":{\"@id\":\"https:\/\/www.hrexperience.rs\/arhiva\/govornici-2024\/#primaryimage\"},\"thumbnailUrl\":\"https:\/\/www.hrexperience.rs\/wp-content\/uploads\/2022\/12\/hr-experience-2023-featured.jpg\",\"datePublished\":\"2023-11-01T11:00:50+00:00\",\"dateModified\":\"2024-11-29T09:32:43+00:00\",\"description\":\"Betty Tsan Pelemish, Cyriel Kortleven, Madlen Medina, Mia Liljeberg, Rainer Petek, Ana Stevanovi\u0107\",\"breadcrumb\":{\"@id\":\"https:\/\/www.hrexperience.rs\/arhiva\/govornici-2024\/#breadcrumb\"},\"inLanguage\":\"en-US\",\"potentialAction\":[{\"@type\":\"ReadAction\",\"target\":[\"https:\/\/www.hrexperience.rs\/arhiva\/govornici-2024\/\"]}]},{\"@type\":\"ImageObject\",\"inLanguage\":\"en-US\",\"@id\":\"https:\/\/www.hrexperience.rs\/arhiva\/govornici-2024\/#primaryimage\",\"url\":\"https:\/\/www.hrexperience.rs\/wp-content\/uploads\/2022\/12\/hr-experience-2023-featured.jpg\",\"contentUrl\":\"https:\/\/www.hrexperience.rs\/wp-content\/uploads\/2022\/12\/hr-experience-2023-featured.jpg\",\"width\":1200,\"height\":628,\"caption\":\"HR Experience\"},{\"@type\":\"BreadcrumbList\",\"@id\":\"https:\/\/www.hrexperience.rs\/arhiva\/govornici-2024\/#breadcrumb\",\"itemListElement\":[{\"@type\":\"ListItem\",\"position\":1,\"name\":\"Arhiva\",\"item\":\"https:\/\/www.hrexperience.rs\/arhiva\/\"},{\"@type\":\"ListItem\",\"position\":2,\"name\":\"Govornici\"}]},{\"@type\":\"WebSite\",\"@id\":\"https:\/\/www.hrexperience.rs\/#website\",\"url\":\"https:\/\/www.hrexperience.rs\/\",\"name\":\"HR Experience\",\"description\":\"Trendovi. Prakse. Inspiracija.\",\"publisher\":{\"@id\":\"https:\/\/www.hrexperience.rs\/#organization\"},\"potentialAction\":[{\"@type\":\"SearchAction\",\"target\":{\"@type\":\"EntryPoint\",\"urlTemplate\":\"https:\/\/www.hrexperience.rs\/?s={search_term_string}\"},\"query-input\":{\"@type\":\"PropertyValueSpecification\",\"valueRequired\":true,\"valueName\":\"search_term_string\"}}],\"inLanguage\":\"en-US\"},{\"@type\":\"Organization\",\"@id\":\"https:\/\/www.hrexperience.rs\/#organization\",\"name\":\"HRexperience\",\"url\":\"https:\/\/www.hrexperience.rs\/\",\"logo\":{\"@type\":\"ImageObject\",\"inLanguage\":\"en-US\",\"@id\":\"https:\/\/www.hrexperience.rs\/#\/schema\/logo\/image\/\",\"url\":\"https:\/\/www.hrexperience.rs\/wp-content\/uploads\/2021\/12\/hrexperience-2022-logo.svg\",\"contentUrl\":\"https:\/\/www.hrexperience.rs\/wp-content\/uploads\/2021\/12\/hrexperience-2022-logo.svg\",\"width\":1,\"height\":1,\"caption\":\"HRexperience\"},\"image\":{\"@id\":\"https:\/\/www.hrexperience.rs\/#\/schema\/logo\/image\/\"},\"sameAs\":[\"https:\/\/www.facebook.com\/poslovi\",\"https:\/\/x.com\/infostud\",\"https:\/\/www.instagram.com\/poslovi_infostud\/\",\"https:\/\/www.linkedin.com\/company\/poslovi-infostud\/\",\"https:\/\/www.youtube.com\/c\/infostudposlovi\",\"https:\/\/sr.wikipedia.org\/sr-el\/Infostud\"]}]}<\/script>\n<!-- \/ Yoast SEO plugin. -->","yoast_head_json":{"title":"Govornici 2024 - HR Experience","description":"Betty Tsan Pelemish, Cyriel Kortleven, Madlen Medina, Mia Liljeberg, Rainer Petek, Ana Stevanovi\u0107","robots":{"index":"index","follow":"follow","max-snippet":"max-snippet:-1","max-image-preview":"max-image-preview:large","max-video-preview":"max-video-preview:-1"},"canonical":"https:\/\/www.hrexperience.rs\/en\/arhiva\/govornici-2024\/","og_locale":"en_US","og_type":"article","og_title":"Govornici 2024 - HR Experience","og_description":"Betty Tsan Pelemish, Cyriel Kortleven, Madlen Medina, Mia Liljeberg, Rainer Petek, Ana Stevanovi\u0107","og_url":"https:\/\/www.hrexperience.rs\/en\/arhiva\/govornici-2024\/","og_site_name":"HR Experience","article_publisher":"https:\/\/www.facebook.com\/poslovi","article_modified_time":"2024-11-29T09:32:43+00:00","og_image":[{"width":1200,"height":628,"url":"https:\/\/www.hrexperience.rs\/wp-content\/uploads\/2022\/12\/hr-experience-2023-featured.jpg","type":"image\/jpeg"}],"twitter_card":"summary_large_image","twitter_site":"@infostud","twitter_misc":{"Est. reading time":"2 minutes"},"schema":{"@context":"https:\/\/schema.org","@graph":[{"@type":"WebPage","@id":"https:\/\/www.hrexperience.rs\/arhiva\/govornici-2024\/","url":"https:\/\/www.hrexperience.rs\/arhiva\/govornici-2024\/","name":"Govornici 2024 - HR Experience","isPartOf":{"@id":"https:\/\/www.hrexperience.rs\/#website"},"primaryImageOfPage":{"@id":"https:\/\/www.hrexperience.rs\/arhiva\/govornici-2024\/#primaryimage"},"image":{"@id":"https:\/\/www.hrexperience.rs\/arhiva\/govornici-2024\/#primaryimage"},"thumbnailUrl":"https:\/\/www.hrexperience.rs\/wp-content\/uploads\/2022\/12\/hr-experience-2023-featured.jpg","datePublished":"2023-11-01T11:00:50+00:00","dateModified":"2024-11-29T09:32:43+00:00","description":"Betty Tsan Pelemish, Cyriel Kortleven, Madlen Medina, Mia Liljeberg, Rainer Petek, Ana Stevanovi\u0107","breadcrumb":{"@id":"https:\/\/www.hrexperience.rs\/arhiva\/govornici-2024\/#breadcrumb"},"inLanguage":"en-US","potentialAction":[{"@type":"ReadAction","target":["https:\/\/www.hrexperience.rs\/arhiva\/govornici-2024\/"]}]},{"@type":"ImageObject","inLanguage":"en-US","@id":"https:\/\/www.hrexperience.rs\/arhiva\/govornici-2024\/#primaryimage","url":"https:\/\/www.hrexperience.rs\/wp-content\/uploads\/2022\/12\/hr-experience-2023-featured.jpg","contentUrl":"https:\/\/www.hrexperience.rs\/wp-content\/uploads\/2022\/12\/hr-experience-2023-featured.jpg","width":1200,"height":628,"caption":"HR Experience"},{"@type":"BreadcrumbList","@id":"https:\/\/www.hrexperience.rs\/arhiva\/govornici-2024\/#breadcrumb","itemListElement":[{"@type":"ListItem","position":1,"name":"Arhiva","item":"https:\/\/www.hrexperience.rs\/arhiva\/"},{"@type":"ListItem","position":2,"name":"Govornici"}]},{"@type":"WebSite","@id":"https:\/\/www.hrexperience.rs\/#website","url":"https:\/\/www.hrexperience.rs\/","name":"HR Experience","description":"Trendovi. Prakse. Inspiracija.","publisher":{"@id":"https:\/\/www.hrexperience.rs\/#organization"},"potentialAction":[{"@type":"SearchAction","target":{"@type":"EntryPoint","urlTemplate":"https:\/\/www.hrexperience.rs\/?s={search_term_string}"},"query-input":{"@type":"PropertyValueSpecification","valueRequired":true,"valueName":"search_term_string"}}],"inLanguage":"en-US"},{"@type":"Organization","@id":"https:\/\/www.hrexperience.rs\/#organization","name":"HRexperience","url":"https:\/\/www.hrexperience.rs\/","logo":{"@type":"ImageObject","inLanguage":"en-US","@id":"https:\/\/www.hrexperience.rs\/#\/schema\/logo\/image\/","url":"https:\/\/www.hrexperience.rs\/wp-content\/uploads\/2021\/12\/hrexperience-2022-logo.svg","contentUrl":"https:\/\/www.hrexperience.rs\/wp-content\/uploads\/2021\/12\/hrexperience-2022-logo.svg","width":1,"height":1,"caption":"HRexperience"},"image":{"@id":"https:\/\/www.hrexperience.rs\/#\/schema\/logo\/image\/"},"sameAs":["https:\/\/www.facebook.com\/poslovi","https:\/\/x.com\/infostud","https:\/\/www.instagram.com\/poslovi_infostud\/","https:\/\/www.linkedin.com\/company\/poslovi-infostud\/","https:\/\/www.youtube.com\/c\/infostudposlovi","https:\/\/sr.wikipedia.org\/sr-el\/Infostud"]}]}},"_links":{"self":[{"href":"https:\/\/www.hrexperience.rs\/en\/wp-json\/wp\/v2\/pages\/480","targetHints":{"allow":["GET"]}}],"collection":[{"href":"https:\/\/www.hrexperience.rs\/en\/wp-json\/wp\/v2\/pages"}],"about":[{"href":"https:\/\/www.hrexperience.rs\/en\/wp-json\/wp\/v2\/types\/page"}],"author":[{"embeddable":true,"href":"https:\/\/www.hrexperience.rs\/en\/wp-json\/wp\/v2\/users\/1"}],"replies":[{"embeddable":true,"href":"https:\/\/www.hrexperience.rs\/en\/wp-json\/wp\/v2\/comments?post=480"}],"version-history":[{"count":20,"href":"https:\/\/www.hrexperience.rs\/en\/wp-json\/wp\/v2\/pages\/480\/revisions"}],"predecessor-version":[{"id":6997,"href":"https:\/\/www.hrexperience.rs\/en\/wp-json\/wp\/v2\/pages\/480\/revisions\/6997"}],"up":[{"embeddable":true,"href":"https:\/\/www.hrexperience.rs\/en\/wp-json\/wp\/v2\/pages\/1019"}],"wp:featuredmedia":[{"embeddable":true,"href":"https:\/\/www.hrexperience.rs\/en\/wp-json\/wp\/v2\/media\/4358"}],"wp:attachment":[{"href":"https:\/\/www.hrexperience.rs\/en\/wp-json\/wp\/v2\/media?parent=480"}],"curies":[{"name":"wp","href":"https:\/\/api.w.org\/{rel}","templated":true}]}}