
{"id":24,"date":"2021-10-28T14:22:06","date_gmt":"2021-10-28T12:22:06","guid":{"rendered":"https:\/\/www.hrexperience.rs\/?page_id=24"},"modified":"2025-12-22T14:36:10","modified_gmt":"2025-12-22T13:36:10","slug":"o-konferenciji","status":"publish","type":"page","link":"https:\/\/www.hrexperience.rs\/en\/o-konferenciji\/","title":{"rendered":"About"},"content":{"rendered":"<div id=\"fws_69e88ffb69f7e\"  data-column-margin=\"default\" data-midnight=\"dark\"  class=\"wpb_row vc_row-fluid vc_row  top_padding_tablet_40px top_padding_phone_30px bottom_padding_tablet_40px bottom_padding_phone_30px\"  style=\"padding-top: 70px; padding-bottom: 50px; \"><div class=\"row-bg-wrap\" data-bg-animation=\"none\" data-bg-animation-delay=\"\" data-bg-overlay=\"false\"><div class=\"inner-wrap row-bg-layer\" ><div class=\"row-bg viewport-desktop\"  style=\"\"><\/div><\/div><\/div><div class=\"row_col_wrap_12 col span_12 dark left\">\n\t<div  class=\"vc_col-sm-2 wpb_column column_container vc_column_container col no-extra-padding inherit_tablet inherit_phone\"  data-padding-pos=\"all\" data-has-bg-color=\"false\" data-bg-color=\"\" data-bg-opacity=\"1\" data-animation=\"\" data-delay=\"0\" >\n\t\t<div class=\"vc_column-inner\" >\n\t\t\t<div class=\"wpb_wrapper\">\n\t\t\t\t\n\t\t\t<\/div> \n\t\t<\/div>\n\t<\/div> \n\n\t<div  class=\"vc_col-sm-8 wpb_column column_container vc_column_container col no-extra-padding inherit_tablet inherit_phone\"  data-padding-pos=\"all\" data-has-bg-color=\"false\" data-bg-color=\"\" data-bg-opacity=\"1\" data-animation=\"\" data-delay=\"0\" >\n\t\t<div class=\"vc_column-inner\" >\n\t\t\t<div class=\"wpb_wrapper\">\n\t\t\t\t<div class=\"img-with-aniamtion-wrap\" data-max-width=\"125%\" data-max-width-mobile=\"default\" data-shadow=\"none\" data-animation=\"fade-in-from-bottom\" >\n      <div class=\"inner\">\n        <div class=\"hover-wrap\"> \n          <div class=\"hover-wrap-inner\">\n            <img loading=\"lazy\" decoding=\"async\" class=\"img-with-animation skip-lazy\" data-delay=\"0\" height=\"100\" width=\"100\" data-animation=\"fade-in-from-bottom\" src=\"https:\/\/www.hrexperience.rs\/wp-content\/uploads\/2021\/12\/hrexperience-2022-logo.svg\" alt=\"HR Experience 2022 logo\"  \/>\n          <\/div>\n        <\/div>\n      <\/div>\n    <\/div><div class=\"divider-wrap\" data-alignment=\"default\"><div style=\"height: 20px;\" class=\"divider\"><\/div><\/div>\n<div class=\"wpb_text_column wpb_content_element\" >\n\t<div class=\"wpb_wrapper\">\n\t\t<p>HR Experience je glavno mesto susreta vode\u0107ih HR profesionalaca i lidera u oblasti ljudskih resursa. Konferencija, u organizaciji Infostuda, okuplja doma\u0107e i me\u0111unarodne eksperte, donose\u0107i najnovije HR trendove, uspe\u0161ne prakse i inovativne strategije. Kroz inspirativna predavanja i\u00a0 dinami\u010dne panel-diskusije, u\u010desnici sti\u010du prakti\u010dna znanja i uvide koji im poma\u017eu da unaprede svoje organizacije \u2013 kako iz ugla privla\u010denja i zadr\u017eavanja talenata, tako i kroz pobolj\u0161anje poslovnih performansi.<\/p>\n<p>HR Experience se fokusira na klju\u010dne strategije za stvaranje anga\u017eovanog, motivisanog i lojalnog tima. Istra\u017eujemo kako kultura kompanije, liderstvo i savremeni pristupi zaposlenima direktno uti\u010du na zadovoljstvo na poslu, produktivnost i dugoro\u010dan uspeh organizacija. Kroz iskustva vode\u0107ih stru\u010dnjaka, predstavljamo primere odr\u017eivih HR strategija koje unapre\u0111uju radna okru\u017eenja i postavljaju nove standarde u upravljanju ljudskim resursima.<\/p>\n\t<\/div>\n<\/div>\n\n\n\n\n\t\t\t<\/div> \n\t\t<\/div>\n\t<\/div> \n\n\t<div  class=\"vc_col-sm-2 wpb_column column_container vc_column_container col no-extra-padding inherit_tablet inherit_phone\"  data-padding-pos=\"all\" data-has-bg-color=\"false\" data-bg-color=\"\" data-bg-opacity=\"1\" data-animation=\"\" data-delay=\"0\" >\n\t\t<div class=\"vc_column-inner\" >\n\t\t\t<div class=\"wpb_wrapper\">\n\t\t\t\t\n\t\t\t<\/div> \n\t\t<\/div>\n\t<\/div> \n<\/div><\/div>","protected":false},"excerpt":{"rendered":"HR Experience je glavno mesto susreta vode\u0107ih HR profesionalaca i lidera u oblasti ljudskih resursa. Konferencija, u organizaciji Infostuda, okuplja doma\u0107e i me\u0111unarodne eksperte, donose\u0107i najnovije HR trendove, uspe\u0161ne prakse...","protected":false},"author":1,"featured_media":648,"parent":0,"menu_order":2,"comment_status":"closed","ping_status":"closed","template":"","meta":{"footnotes":""},"class_list":["post-24","page","type-page","status-publish","has-post-thumbnail"],"yoast_head":"<!-- This site is optimized with the Yoast SEO plugin v24.2 - https:\/\/yoast.com\/wordpress\/plugins\/seo\/ -->\n<title>O konferenciji - HR Experience<\/title>\n<meta name=\"description\" content=\"Konferencija HR Experience promovi\u0161e i predstavlja trendove iz ljudskih resursa, kao i uspe\u0161ne HR pri\u010de i prakse, zarad unapre\u0111enja sektora ljudskih resursa u Srbiji, a time i poslovanja uop\u0161te.\" \/>\n<meta name=\"robots\" content=\"index, follow, max-snippet:-1, max-image-preview:large, max-video-preview:-1\" \/>\n<link rel=\"canonical\" href=\"https:\/\/www.hrexperience.rs\/en\/o-konferenciji\/\" \/>\n<meta property=\"og:locale\" content=\"en_US\" \/>\n<meta property=\"og:type\" content=\"article\" \/>\n<meta property=\"og:title\" content=\"O konferenciji - HR Experience\" \/>\n<meta property=\"og:description\" content=\"Konferencija HR Experience promovi\u0161e i predstavlja trendove iz ljudskih resursa, kao i uspe\u0161ne HR pri\u010de i prakse, zarad unapre\u0111enja sektora ljudskih resursa u Srbiji, a time i poslovanja uop\u0161te.\" \/>\n<meta property=\"og:url\" content=\"https:\/\/www.hrexperience.rs\/en\/o-konferenciji\/\" \/>\n<meta property=\"og:site_name\" content=\"HR Experience\" \/>\n<meta property=\"article:publisher\" content=\"https:\/\/www.facebook.com\/poslovi\" \/>\n<meta property=\"article:modified_time\" content=\"2025-12-22T13:36:10+00:00\" \/>\n<meta property=\"og:image\" content=\"https:\/\/www.hrexperience.rs\/wp-content\/uploads\/2021\/10\/HR-Experience-2018-159.jpg\" \/>\n\t<meta property=\"og:image:width\" content=\"1200\" \/>\n\t<meta property=\"og:image:height\" content=\"800\" \/>\n\t<meta property=\"og:image:type\" content=\"image\/jpeg\" \/>\n<meta name=\"twitter:card\" content=\"summary_large_image\" \/>\n<meta name=\"twitter:site\" content=\"@infostud\" \/>\n<meta name=\"twitter:label1\" content=\"Est. reading time\" \/>\n\t<meta name=\"twitter:data1\" content=\"2 minutes\" \/>\n<script type=\"application\/ld+json\" class=\"yoast-schema-graph\">{\"@context\":\"https:\/\/schema.org\",\"@graph\":[{\"@type\":\"WebPage\",\"@id\":\"https:\/\/www.hrexperience.rs\/o-konferenciji\/\",\"url\":\"https:\/\/www.hrexperience.rs\/o-konferenciji\/\",\"name\":\"O konferenciji - HR Experience\",\"isPartOf\":{\"@id\":\"https:\/\/www.hrexperience.rs\/#website\"},\"primaryImageOfPage\":{\"@id\":\"https:\/\/www.hrexperience.rs\/o-konferenciji\/#primaryimage\"},\"image\":{\"@id\":\"https:\/\/www.hrexperience.rs\/o-konferenciji\/#primaryimage\"},\"thumbnailUrl\":\"https:\/\/www.hrexperience.rs\/wp-content\/uploads\/2021\/10\/HR-Experience-2018-159.jpg\",\"datePublished\":\"2021-10-28T12:22:06+00:00\",\"dateModified\":\"2025-12-22T13:36:10+00:00\",\"description\":\"Konferencija HR Experience promovi\u0161e i predstavlja trendove iz ljudskih resursa, kao i uspe\u0161ne HR pri\u010de i prakse, zarad unapre\u0111enja sektora ljudskih resursa u Srbiji, a time i poslovanja uop\u0161te.\",\"inLanguage\":\"en-US\",\"potentialAction\":[{\"@type\":\"ReadAction\",\"target\":[\"https:\/\/www.hrexperience.rs\/o-konferenciji\/\"]}]},{\"@type\":\"ImageObject\",\"inLanguage\":\"en-US\",\"@id\":\"https:\/\/www.hrexperience.rs\/o-konferenciji\/#primaryimage\",\"url\":\"https:\/\/www.hrexperience.rs\/wp-content\/uploads\/2021\/10\/HR-Experience-2018-159.jpg\",\"contentUrl\":\"https:\/\/www.hrexperience.rs\/wp-content\/uploads\/2021\/10\/HR-Experience-2018-159.jpg\",\"width\":1200,\"height\":800},{\"@type\":\"WebSite\",\"@id\":\"https:\/\/www.hrexperience.rs\/#website\",\"url\":\"https:\/\/www.hrexperience.rs\/\",\"name\":\"HR Experience\",\"description\":\"Trendovi. Prakse. Inspiracija.\",\"publisher\":{\"@id\":\"https:\/\/www.hrexperience.rs\/#organization\"},\"potentialAction\":[{\"@type\":\"SearchAction\",\"target\":{\"@type\":\"EntryPoint\",\"urlTemplate\":\"https:\/\/www.hrexperience.rs\/?s={search_term_string}\"},\"query-input\":{\"@type\":\"PropertyValueSpecification\",\"valueRequired\":true,\"valueName\":\"search_term_string\"}}],\"inLanguage\":\"en-US\"},{\"@type\":\"Organization\",\"@id\":\"https:\/\/www.hrexperience.rs\/#organization\",\"name\":\"HRexperience\",\"url\":\"https:\/\/www.hrexperience.rs\/\",\"logo\":{\"@type\":\"ImageObject\",\"inLanguage\":\"en-US\",\"@id\":\"https:\/\/www.hrexperience.rs\/#\/schema\/logo\/image\/\",\"url\":\"https:\/\/www.hrexperience.rs\/wp-content\/uploads\/2021\/12\/hrexperience-2022-logo.svg\",\"contentUrl\":\"https:\/\/www.hrexperience.rs\/wp-content\/uploads\/2021\/12\/hrexperience-2022-logo.svg\",\"width\":1,\"height\":1,\"caption\":\"HRexperience\"},\"image\":{\"@id\":\"https:\/\/www.hrexperience.rs\/#\/schema\/logo\/image\/\"},\"sameAs\":[\"https:\/\/www.facebook.com\/poslovi\",\"https:\/\/x.com\/infostud\",\"https:\/\/www.instagram.com\/poslovi_infostud\/\",\"https:\/\/www.linkedin.com\/company\/poslovi-infostud\/\",\"https:\/\/www.youtube.com\/c\/infostudposlovi\",\"https:\/\/sr.wikipedia.org\/sr-el\/Infostud\"]}]}<\/script>\n<!-- \/ Yoast SEO plugin. -->","yoast_head_json":{"title":"O konferenciji - HR Experience","description":"Konferencija HR Experience promovi\u0161e i predstavlja trendove iz ljudskih resursa, kao i uspe\u0161ne HR pri\u010de i prakse, zarad unapre\u0111enja sektora ljudskih resursa u Srbiji, a time i poslovanja uop\u0161te.","robots":{"index":"index","follow":"follow","max-snippet":"max-snippet:-1","max-image-preview":"max-image-preview:large","max-video-preview":"max-video-preview:-1"},"canonical":"https:\/\/www.hrexperience.rs\/en\/o-konferenciji\/","og_locale":"en_US","og_type":"article","og_title":"O konferenciji - HR Experience","og_description":"Konferencija HR Experience promovi\u0161e i predstavlja trendove iz ljudskih resursa, kao i uspe\u0161ne HR pri\u010de i prakse, zarad unapre\u0111enja sektora ljudskih resursa u Srbiji, a time i poslovanja uop\u0161te.","og_url":"https:\/\/www.hrexperience.rs\/en\/o-konferenciji\/","og_site_name":"HR Experience","article_publisher":"https:\/\/www.facebook.com\/poslovi","article_modified_time":"2025-12-22T13:36:10+00:00","og_image":[{"width":1200,"height":800,"url":"https:\/\/www.hrexperience.rs\/wp-content\/uploads\/2021\/10\/HR-Experience-2018-159.jpg","type":"image\/jpeg"}],"twitter_card":"summary_large_image","twitter_site":"@infostud","twitter_misc":{"Est. reading time":"2 minutes"},"schema":{"@context":"https:\/\/schema.org","@graph":[{"@type":"WebPage","@id":"https:\/\/www.hrexperience.rs\/o-konferenciji\/","url":"https:\/\/www.hrexperience.rs\/o-konferenciji\/","name":"O konferenciji - HR Experience","isPartOf":{"@id":"https:\/\/www.hrexperience.rs\/#website"},"primaryImageOfPage":{"@id":"https:\/\/www.hrexperience.rs\/o-konferenciji\/#primaryimage"},"image":{"@id":"https:\/\/www.hrexperience.rs\/o-konferenciji\/#primaryimage"},"thumbnailUrl":"https:\/\/www.hrexperience.rs\/wp-content\/uploads\/2021\/10\/HR-Experience-2018-159.jpg","datePublished":"2021-10-28T12:22:06+00:00","dateModified":"2025-12-22T13:36:10+00:00","description":"Konferencija HR Experience promovi\u0161e i predstavlja trendove iz ljudskih resursa, kao i uspe\u0161ne HR pri\u010de i prakse, zarad unapre\u0111enja sektora ljudskih resursa u Srbiji, a time i poslovanja uop\u0161te.","inLanguage":"en-US","potentialAction":[{"@type":"ReadAction","target":["https:\/\/www.hrexperience.rs\/o-konferenciji\/"]}]},{"@type":"ImageObject","inLanguage":"en-US","@id":"https:\/\/www.hrexperience.rs\/o-konferenciji\/#primaryimage","url":"https:\/\/www.hrexperience.rs\/wp-content\/uploads\/2021\/10\/HR-Experience-2018-159.jpg","contentUrl":"https:\/\/www.hrexperience.rs\/wp-content\/uploads\/2021\/10\/HR-Experience-2018-159.jpg","width":1200,"height":800},{"@type":"WebSite","@id":"https:\/\/www.hrexperience.rs\/#website","url":"https:\/\/www.hrexperience.rs\/","name":"HR Experience","description":"Trendovi. Prakse. Inspiracija.","publisher":{"@id":"https:\/\/www.hrexperience.rs\/#organization"},"potentialAction":[{"@type":"SearchAction","target":{"@type":"EntryPoint","urlTemplate":"https:\/\/www.hrexperience.rs\/?s={search_term_string}"},"query-input":{"@type":"PropertyValueSpecification","valueRequired":true,"valueName":"search_term_string"}}],"inLanguage":"en-US"},{"@type":"Organization","@id":"https:\/\/www.hrexperience.rs\/#organization","name":"HRexperience","url":"https:\/\/www.hrexperience.rs\/","logo":{"@type":"ImageObject","inLanguage":"en-US","@id":"https:\/\/www.hrexperience.rs\/#\/schema\/logo\/image\/","url":"https:\/\/www.hrexperience.rs\/wp-content\/uploads\/2021\/12\/hrexperience-2022-logo.svg","contentUrl":"https:\/\/www.hrexperience.rs\/wp-content\/uploads\/2021\/12\/hrexperience-2022-logo.svg","width":1,"height":1,"caption":"HRexperience"},"image":{"@id":"https:\/\/www.hrexperience.rs\/#\/schema\/logo\/image\/"},"sameAs":["https:\/\/www.facebook.com\/poslovi","https:\/\/x.com\/infostud","https:\/\/www.instagram.com\/poslovi_infostud\/","https:\/\/www.linkedin.com\/company\/poslovi-infostud\/","https:\/\/www.youtube.com\/c\/infostudposlovi","https:\/\/sr.wikipedia.org\/sr-el\/Infostud"]}]}},"_links":{"self":[{"href":"https:\/\/www.hrexperience.rs\/en\/wp-json\/wp\/v2\/pages\/24","targetHints":{"allow":["GET"]}}],"collection":[{"href":"https:\/\/www.hrexperience.rs\/en\/wp-json\/wp\/v2\/pages"}],"about":[{"href":"https:\/\/www.hrexperience.rs\/en\/wp-json\/wp\/v2\/types\/page"}],"author":[{"embeddable":true,"href":"https:\/\/www.hrexperience.rs\/en\/wp-json\/wp\/v2\/users\/1"}],"replies":[{"embeddable":true,"href":"https:\/\/www.hrexperience.rs\/en\/wp-json\/wp\/v2\/comments?post=24"}],"version-history":[{"count":4,"href":"https:\/\/www.hrexperience.rs\/en\/wp-json\/wp\/v2\/pages\/24\/revisions"}],"predecessor-version":[{"id":8120,"href":"https:\/\/www.hrexperience.rs\/en\/wp-json\/wp\/v2\/pages\/24\/revisions\/8120"}],"wp:featuredmedia":[{"embeddable":true,"href":"https:\/\/www.hrexperience.rs\/en\/wp-json\/wp\/v2\/media\/648"}],"wp:attachment":[{"href":"https:\/\/www.hrexperience.rs\/en\/wp-json\/wp\/v2\/media?parent=24"}],"curies":[{"name":"wp","href":"https:\/\/api.w.org\/{rel}","templated":true}]}}