
{"id":1014,"date":"2021-10-30T11:37:30","date_gmt":"2021-10-30T09:37:30","guid":{"rendered":"https:\/\/www.hrexperience.rs\/?page_id=1014"},"modified":"2022-02-23T21:11:14","modified_gmt":"2022-02-23T20:11:14","slug":"govornici-2018","status":"publish","type":"page","link":"https:\/\/www.hrexperience.rs\/en\/arhiva\/govornici-2018\/","title":{"rendered":"SPEAKERS 2018"},"content":{"rendered":"<div id=\"fws_69f30d7e84025\"  data-column-margin=\"20px\" data-midnight=\"dark\"  class=\"wpb_row vc_row-fluid vc_row  right_padding_20px left_padding_20px top_padding_tablet_50px top_padding_phone_30px bottom_padding_tablet_0px bottom_padding_phone_0px\"  style=\"padding-top: 60px; padding-bottom: 0px; \"><div class=\"row-bg-wrap\" data-bg-animation=\"none\" data-bg-animation-delay=\"\" data-bg-overlay=\"false\"><div class=\"inner-wrap row-bg-layer\" ><div class=\"row-bg viewport-desktop\"  style=\"\"><\/div><\/div><\/div><div class=\"row_col_wrap_12 col span_12 dark left\">\n\t<div  class=\"vc_col-sm-3 wpb_column column_container vc_column_container col has-animation no-extra-padding inherit_tablet inherit_phone\"  data-padding-pos=\"all\" data-has-bg-color=\"false\" data-bg-color=\"\" data-bg-opacity=\"1\" data-animation=\"fade-in-from-bottom\" data-delay=\"400\" >\n\t\t<div class=\"vc_column-inner\" >\n\t\t\t<div class=\"wpb_wrapper\">\n\t\t\t\t<div class=\"team-member\" data-style=\"meta_below\"><a href=\"https:\/\/www.hrexperience.rs\/en\/govornici\/dave-ulrich\/\" ><img decoding=\"async\" alt=\"Dave Ulrich\" src=\"https:\/\/www.hrexperience.rs\/wp-content\/uploads\/2021\/11\/Dave-Ulrich.jpg\" title=\"Dave Ulrich\" \/><\/a><h4 class=\"light\"><a class=\"extra-color-1\" href=\"https:\/\/www.hrexperience.rs\/en\/govornici\/dave-ulrich\/\" >Dave Ulrich<\/a><\/h4><div class=\"position\">World HR Expert<\/div><p class=\"description\"><\/p><ul class=\"social extra-color-1\"><li><a target=\"_blank\" href='https:\/\/www.linkedin.com\/in\/daveulrichpro\/'>Linkedin<\/a><\/li><\/ul><\/div>\n\t\t\t<\/div> \n\t\t<\/div>\n\t<\/div> \n\n\t<div  class=\"vc_col-sm-3 wpb_column column_container vc_column_container col has-animation no-extra-padding inherit_tablet inherit_phone\"  data-padding-pos=\"all\" data-has-bg-color=\"false\" data-bg-color=\"\" data-bg-opacity=\"1\" data-animation=\"fade-in-from-bottom\" data-delay=\"400\" >\n\t\t<div class=\"vc_column-inner\" >\n\t\t\t<div class=\"wpb_wrapper\">\n\t\t\t\t<div class=\"team-member\" data-style=\"meta_below\"><a href=\"https:\/\/www.hrexperience.rs\/en\/govornici\/jaymes-chapman\/\" ><img decoding=\"async\" alt=\"Jaymes Chapman\" src=\"https:\/\/www.hrexperience.rs\/wp-content\/uploads\/2021\/11\/Jaymes-Chapman.jpg\" title=\"Jaymes Chapman\" \/><\/a><h4 class=\"light\"><a class=\"extra-color-1\" href=\"https:\/\/www.hrexperience.rs\/en\/govornici\/jaymes-chapman\/\" >Jaymes Chapman<\/a><\/h4><div class=\"position\">Head of Talent Acquisition<\/div><p class=\"description\">Nordeus<\/p><ul class=\"social extra-color-1\"><li><a target=\"_blank\" href='https:\/\/www.linkedin.com\/in\/jaymeschapman\/'>LinkedIn<\/a><\/li><\/ul><\/div>\n\t\t\t<\/div> \n\t\t<\/div>\n\t<\/div> \n\n\t<div  class=\"vc_col-sm-3 wpb_column column_container vc_column_container col has-animation no-extra-padding inherit_tablet inherit_phone\"  data-padding-pos=\"all\" data-has-bg-color=\"false\" data-bg-color=\"\" data-bg-opacity=\"1\" data-animation=\"fade-in-from-bottom\" data-delay=\"400\" >\n\t\t<div class=\"vc_column-inner\" >\n\t\t\t<div class=\"wpb_wrapper\">\n\t\t\t\t<div class=\"team-member\" data-style=\"meta_below\"><a href=\"https:\/\/www.hrexperience.rs\/en\/govornici\/sonja-cetkovic\/\" ><img decoding=\"async\" alt=\"Sonja \u0106etkovi\u0107\" src=\"https:\/\/www.hrexperience.rs\/wp-content\/uploads\/2022\/01\/sonja-cetkovic-2022-govornici.jpg\" title=\"Sonja \u0106etkovi\u0107\" \/><\/a><h4 class=\"light\"><a class=\"extra-color-1\" href=\"https:\/\/www.hrexperience.rs\/en\/govornici\/sonja-cetkovic\/\" >Sonja \u0106etkovi\u0107<\/a><\/h4><div class=\"position\">CEO<\/div><p class=\"description\">Poslovi Infostud, Srbija<\/p><ul class=\"social extra-color-1\"><li><a target=\"_blank\" href='https:\/\/www.linkedin.com\/in\/sonjacetkovic\/'>LinkedIn<\/a><\/li><\/ul><\/div>\n\t\t\t<\/div> \n\t\t<\/div>\n\t<\/div> \n\n\t<div  class=\"vc_col-sm-3 wpb_column column_container vc_column_container col has-animation no-extra-padding inherit_tablet inherit_phone\"  data-padding-pos=\"all\" data-has-bg-color=\"false\" data-bg-color=\"\" data-bg-opacity=\"1\" data-animation=\"fade-in-from-bottom\" data-delay=\"400\" >\n\t\t<div class=\"vc_column-inner\" >\n\t\t\t<div class=\"wpb_wrapper\">\n\t\t\t\t<div class=\"team-member\" data-style=\"meta_below\"><a href=\"https:\/\/www.hrexperience.rs\/en\/govornici\/marija-desivojevic\/\" ><img decoding=\"async\" alt=\"Marija Desivojevic\u0301\" src=\"https:\/\/www.hrexperience.rs\/wp-content\/uploads\/2021\/11\/Marija-Desivojevic.jpg\" title=\"Marija Desivojevi\u0107\" \/><\/a><h4 class=\"light\"><a class=\"extra-color-1\" href=\"https:\/\/www.hrexperience.rs\/en\/govornici\/marija-desivojevic\/\" >Marija Desivojevi\u0107<\/a><\/h4><div class=\"position\">Vi\u0161i potpredsednik za strategiju i razvoj<\/div><p class=\"description\">Delta Holding<\/p><ul class=\"social extra-color-1\"><li><a target=\"_blank\" href='https:\/\/www.linkedin.com\/in\/marija-desivojevic-cvetkovic-81854017\/'>LinkedIn<\/a><\/li><\/ul><\/div>\n\t\t\t<\/div> \n\t\t<\/div>\n\t<\/div> \n<\/div><\/div>\n\t\t<div id=\"fws_69f30d7e89039\"  data-column-margin=\"20px\" data-midnight=\"dark\"  class=\"wpb_row vc_row-fluid vc_row  right_padding_20px left_padding_20px top_padding_tablet_0px top_padding_phone_0px bottom_padding_tablet_0px bottom_padding_phone_0px\"  style=\"padding-top: 0px; padding-bottom: 0px; \"><div class=\"row-bg-wrap\" data-bg-animation=\"none\" data-bg-animation-delay=\"\" data-bg-overlay=\"false\"><div class=\"inner-wrap row-bg-layer\" ><div class=\"row-bg viewport-desktop\"  style=\"\"><\/div><\/div><\/div><div class=\"row_col_wrap_12 col span_12 dark left\">\n\t<div  class=\"vc_col-sm-3 wpb_column column_container vc_column_container col has-animation no-extra-padding inherit_tablet inherit_phone\"  data-padding-pos=\"all\" data-has-bg-color=\"false\" data-bg-color=\"\" data-bg-opacity=\"1\" data-animation=\"fade-in-from-bottom\" data-delay=\"400\" >\n\t\t<div class=\"vc_column-inner\" >\n\t\t\t<div class=\"wpb_wrapper\">\n\t\t\t\t<div class=\"team-member\" data-style=\"meta_below\"><a href=\"https:\/\/www.hrexperience.rs\/en\/govornici\/robert-kopal\/\" ><img decoding=\"async\" alt=\"Robert Kopal\" src=\"https:\/\/www.hrexperience.rs\/wp-content\/uploads\/2021\/11\/robert-kopal.jpg\" title=\"Robert Kopal\" \/><\/a><h4 class=\"light\"><a class=\"extra-color-1\" href=\"https:\/\/www.hrexperience.rs\/en\/govornici\/robert-kopal\/\" >Robert Kopal<\/a><\/h4><div class=\"position\">Profesor Visoke \u0160kole<\/div><p class=\"description\"><\/p><ul class=\"social extra-color-1\"><li><a target=\"_blank\" href='https:\/\/www.linkedin.com\/in\/robert-kopal-ph-d-assoc-prof-40b66047\/'>LinkedIn<\/a><\/li><\/ul><\/div>\n\t\t\t<\/div> \n\t\t<\/div>\n\t<\/div> \n\n\t<div  class=\"vc_col-sm-3 wpb_column column_container vc_column_container col has-animation no-extra-padding inherit_tablet inherit_phone\"  data-padding-pos=\"all\" data-has-bg-color=\"false\" data-bg-color=\"\" data-bg-opacity=\"1\" data-animation=\"fade-in-from-bottom\" data-delay=\"400\" >\n\t\t<div class=\"vc_column-inner\" >\n\t\t\t<div class=\"wpb_wrapper\">\n\t\t\t\t<div class=\"team-member\" data-style=\"meta_below\"><a href=\"https:\/\/www.hrexperience.rs\/en\/govornici\/milka-negrovic\/\" ><img decoding=\"async\" alt=\"Milka Negrovi\u0107\" src=\"https:\/\/www.hrexperience.rs\/wp-content\/uploads\/2021\/11\/Milka-Negrovic.jpg\" title=\"Milka Negrovi\u0107\" \/><\/a><h4 class=\"light\"><a class=\"extra-color-1\" href=\"https:\/\/www.hrexperience.rs\/en\/govornici\/milka-negrovic\/\" >Milka Negrovi\u0107<\/a><\/h4><div class=\"position\">Strategic Account Manager<\/div><p class=\"description\"><\/p><ul class=\"social extra-color-1\"><li><a target=\"_blank\" href='https:\/\/www.linkedin.com\/in\/milkanegrovic\/'>Linkedin<\/a><\/li><\/ul><\/div>\n\t\t\t<\/div> \n\t\t<\/div>\n\t<\/div> \n\n\t<div  class=\"vc_col-sm-3 wpb_column column_container vc_column_container col has-animation no-extra-padding inherit_tablet inherit_phone\"  data-padding-pos=\"all\" data-has-bg-color=\"false\" data-bg-color=\"\" data-bg-opacity=\"1\" data-animation=\"fade-in-from-bottom\" data-delay=\"400\" >\n\t\t<div class=\"vc_column-inner\" >\n\t\t\t<div class=\"wpb_wrapper\">\n\t\t\t\t<div class=\"team-member\" data-style=\"meta_below\"><a href=\"https:\/\/www.hrexperience.rs\/en\/govornici\/natalija-pesic\/\" ><img decoding=\"async\" alt=\"Natalija Pe\u0161i\u0107\" src=\"https:\/\/www.hrexperience.rs\/wp-content\/uploads\/2021\/11\/natalija-pesic.jpg\" title=\"Natalija Pesic\" \/><\/a><h4 class=\"light\"><a class=\"extra-color-1\" href=\"https:\/\/www.hrexperience.rs\/en\/govornici\/natalija-pesic\/\" >Natalija Pesic<\/a><\/h4><div class=\"position\">Head of HR<\/div><p class=\"description\">Vip mobile<\/p><ul class=\"social extra-color-1\"><li><a target=\"_blank\" href='https:\/\/www.linkedin.com\/in\/natalija-pesic-8877367\/'>LinkedIn<\/a><\/li><\/ul><\/div>\n\t\t\t<\/div> \n\t\t<\/div>\n\t<\/div> \n\n\t<div  class=\"vc_col-sm-3 wpb_column column_container vc_column_container col has-animation no-extra-padding inherit_tablet inherit_phone\"  data-padding-pos=\"all\" data-has-bg-color=\"false\" data-bg-color=\"\" data-bg-opacity=\"1\" data-animation=\"fade-in-from-bottom\" data-delay=\"400\" >\n\t\t<div class=\"vc_column-inner\" >\n\t\t\t<div class=\"wpb_wrapper\">\n\t\t\t\t<div class=\"team-member\" data-style=\"meta_below\"><a href=\"https:\/\/www.hrexperience.rs\/en\/govornici\/natasa-stamenkovic\/\" ><img decoding=\"async\" alt=\"Nata\u0161a Stamenkovi\u0107\" src=\"https:\/\/www.hrexperience.rs\/wp-content\/uploads\/2021\/11\/natasa-stamenkovic.jpg\" title=\"Nata\u0161a Stamenkovi\u0107\" \/><\/a><h4 class=\"light\"><a class=\"extra-color-1\" href=\"https:\/\/www.hrexperience.rs\/en\/govornici\/natasa-stamenkovic\/\" >Nata\u0161a Stamenkovi\u0107<\/a><\/h4><div class=\"position\">Human Resources Director<\/div><p class=\"description\">Al Dahra<\/p><ul class=\"social extra-color-1\"><li><a target=\"_blank\" href='https:\/\/www.linkedin.com\/in\/natasa-stamenkovic-3033ab1a2\/'>LinkedIn<\/a><\/li><\/ul><\/div>\n\t\t\t<\/div> \n\t\t<\/div>\n\t<\/div> \n<\/div><\/div>\n\t\t<div id=\"fws_69f30d7e8d472\"  data-column-margin=\"20px\" data-midnight=\"dark\"  class=\"wpb_row vc_row-fluid vc_row  right_padding_20px left_padding_20px top_padding_tablet_0px top_padding_phone_0px bottom_padding_tablet_100px bottom_padding_phone_70px\"  style=\"padding-top: 0px; padding-bottom: 120px; \"><div class=\"row-bg-wrap\" data-bg-animation=\"none\" data-bg-animation-delay=\"\" data-bg-overlay=\"false\"><div class=\"inner-wrap row-bg-layer\" ><div class=\"row-bg viewport-desktop\"  style=\"\"><\/div><\/div><\/div><div class=\"row_col_wrap_12 col span_12 dark left\">\n\t<div  class=\"vc_col-sm-3 wpb_column column_container vc_column_container col has-animation no-extra-padding inherit_tablet inherit_phone\"  data-padding-pos=\"all\" data-has-bg-color=\"false\" data-bg-color=\"\" data-bg-opacity=\"1\" data-animation=\"fade-in-from-bottom\" data-delay=\"400\" >\n\t\t<div class=\"vc_column-inner\" >\n\t\t\t<div class=\"wpb_wrapper\">\n\t\t\t\t<div class=\"team-member\" data-style=\"meta_below\"><a href=\"https:\/\/www.hrexperience.rs\/en\/govornici\/mia-jokiniva\/\" ><img decoding=\"async\" alt=\"Mia Jokiniva\" src=\"https:\/\/www.hrexperience.rs\/wp-content\/uploads\/2021\/11\/Mia-Jokiniva.jpg\" title=\"Mia Jokiniva\" \/><\/a><h4 class=\"light\"><a class=\"extra-color-1\" href=\"https:\/\/www.hrexperience.rs\/en\/govornici\/mia-jokiniva\/\" >Mia Jokiniva<\/a><\/h4><div class=\"position\">Business and stress-management coach<\/div><p class=\"description\"><\/p><\/div>\n\t\t\t<\/div> \n\t\t<\/div>\n\t<\/div> \n\n\t<div  class=\"vc_col-sm-3 wpb_column column_container vc_column_container col has-animation no-extra-padding inherit_tablet inherit_phone\"  data-padding-pos=\"all\" data-has-bg-color=\"false\" data-bg-color=\"\" data-bg-opacity=\"1\" data-animation=\"fade-in-from-bottom\" data-delay=\"400\" >\n\t\t<div class=\"vc_column-inner\" >\n\t\t\t<div class=\"wpb_wrapper\">\n\t\t\t\t<div class=\"team-member\" data-style=\"meta_below\"><a href=\"https:\/\/www.hrexperience.rs\/en\/govornici\/maja-neducic\/\" ><img decoding=\"async\" alt=\"Maja Nedu\u010di\u0107\" src=\"https:\/\/www.hrexperience.rs\/wp-content\/uploads\/2021\/11\/Maja-Neducic.jpg\" title=\"Maja Nedu\u010di\u0107\" \/><\/a><h4 class=\"light\"><a class=\"extra-color-1\" href=\"https:\/\/www.hrexperience.rs\/en\/govornici\/maja-neducic\/\" >Maja Nedu\u010di\u0107<\/a><\/h4><div class=\"position\">Chief People Officer<\/div><p class=\"description\">VEGA IT<\/p><ul class=\"social extra-color-1\"><li><a target=\"_blank\" href='https:\/\/www.linkedin.com\/in\/maja-nedu\u010di\u0107-450a8a95\/'>LinkedIn<\/a><\/li><\/ul><\/div>\n\t\t\t<\/div> \n\t\t<\/div>\n\t<\/div> \n\n\t<div  class=\"vc_col-sm-3 wpb_column column_container vc_column_container col no-extra-padding inherit_tablet inherit_phone\"  data-padding-pos=\"all\" data-has-bg-color=\"false\" data-bg-color=\"\" data-bg-opacity=\"1\" data-animation=\"\" data-delay=\"0\" >\n\t\t<div class=\"vc_column-inner\" >\n\t\t\t<div class=\"wpb_wrapper\">\n\t\t\t\t\n\t\t\t<\/div> \n\t\t<\/div>\n\t<\/div> \n\n\t<div  class=\"vc_col-sm-3 wpb_column column_container vc_column_container col no-extra-padding inherit_tablet inherit_phone\"  data-padding-pos=\"all\" data-has-bg-color=\"false\" data-bg-color=\"\" data-bg-opacity=\"1\" data-animation=\"\" data-delay=\"0\" >\n\t\t<div class=\"vc_column-inner\" >\n\t\t\t<div class=\"wpb_wrapper\">\n\t\t\t\t\n\t\t\t<\/div> \n\t\t<\/div>\n\t<\/div> \n<\/div><\/div>","protected":false},"excerpt":{"rendered":"Dave UlrichWorld HR ExpertLinkedin Jaymes ChapmanHead of Talent AcquisitionNordeusLinkedIn Sonja \u0106etkovi\u0107DirektorPoslovi Infostud, SrbijaLinkedIn Marija Desivojevi\u0107Vi\u0161i potpredsednik za strategiju i razvojDelta HoldingLinkedIn Robert KopalProfesor Visoke \u0160koleLinkedIn Milka Negrovi\u0107Strategic Account ManagerLinkedin Natalija...","protected":false},"author":1,"featured_media":566,"parent":1019,"menu_order":4,"comment_status":"closed","ping_status":"closed","template":"","meta":{"footnotes":""},"class_list":["post-1014","page","type-page","status-publish","has-post-thumbnail"],"yoast_head":"<!-- This site is optimized with the Yoast SEO plugin v24.2 - https:\/\/yoast.com\/wordpress\/plugins\/seo\/ -->\n<title>Govornici 2018 - HR Experience<\/title>\n<meta name=\"description\" content=\"Lista govornika 2018. - HR Experience\" \/>\n<meta name=\"robots\" content=\"index, follow, max-snippet:-1, max-image-preview:large, max-video-preview:-1\" \/>\n<link rel=\"canonical\" href=\"https:\/\/www.hrexperience.rs\/en\/arhiva\/govornici-2018\/\" \/>\n<meta property=\"og:locale\" content=\"en_US\" \/>\n<meta property=\"og:type\" content=\"article\" \/>\n<meta property=\"og:title\" content=\"Govornici 2018 - HR Experience\" \/>\n<meta property=\"og:description\" content=\"Lista govornika 2018. - HR Experience\" \/>\n<meta property=\"og:url\" content=\"https:\/\/www.hrexperience.rs\/en\/arhiva\/govornici-2018\/\" \/>\n<meta property=\"og:site_name\" content=\"HR Experience\" \/>\n<meta property=\"article:publisher\" content=\"https:\/\/www.facebook.com\/poslovi\" \/>\n<meta property=\"article:modified_time\" content=\"2022-02-23T20:11:14+00:00\" \/>\n<meta property=\"og:image\" content=\"https:\/\/www.hrexperience.rs\/wp-content\/uploads\/2021\/10\/HR-Experience-2018-77.jpg\" \/>\n\t<meta property=\"og:image:width\" content=\"1200\" \/>\n\t<meta property=\"og:image:height\" content=\"800\" \/>\n\t<meta property=\"og:image:type\" content=\"image\/jpeg\" \/>\n<meta name=\"twitter:card\" content=\"summary_large_image\" \/>\n<meta name=\"twitter:site\" content=\"@infostud\" \/>\n<meta name=\"twitter:label1\" content=\"Est. reading time\" \/>\n\t<meta name=\"twitter:data1\" content=\"3 minutes\" \/>\n<script type=\"application\/ld+json\" class=\"yoast-schema-graph\">{\"@context\":\"https:\/\/schema.org\",\"@graph\":[{\"@type\":\"WebPage\",\"@id\":\"https:\/\/www.hrexperience.rs\/arhiva\/govornici-2018\/\",\"url\":\"https:\/\/www.hrexperience.rs\/arhiva\/govornici-2018\/\",\"name\":\"Govornici 2018 - HR Experience\",\"isPartOf\":{\"@id\":\"https:\/\/www.hrexperience.rs\/#website\"},\"primaryImageOfPage\":{\"@id\":\"https:\/\/www.hrexperience.rs\/arhiva\/govornici-2018\/#primaryimage\"},\"image\":{\"@id\":\"https:\/\/www.hrexperience.rs\/arhiva\/govornici-2018\/#primaryimage\"},\"thumbnailUrl\":\"https:\/\/www.hrexperience.rs\/wp-content\/uploads\/2021\/10\/HR-Experience-2018-77.jpg\",\"datePublished\":\"2021-10-30T09:37:30+00:00\",\"dateModified\":\"2022-02-23T20:11:14+00:00\",\"description\":\"Lista govornika 2018. - HR Experience\",\"breadcrumb\":{\"@id\":\"https:\/\/www.hrexperience.rs\/arhiva\/govornici-2018\/#breadcrumb\"},\"inLanguage\":\"en-US\",\"potentialAction\":[{\"@type\":\"ReadAction\",\"target\":[\"https:\/\/www.hrexperience.rs\/arhiva\/govornici-2018\/\"]}]},{\"@type\":\"ImageObject\",\"inLanguage\":\"en-US\",\"@id\":\"https:\/\/www.hrexperience.rs\/arhiva\/govornici-2018\/#primaryimage\",\"url\":\"https:\/\/www.hrexperience.rs\/wp-content\/uploads\/2021\/10\/HR-Experience-2018-77.jpg\",\"contentUrl\":\"https:\/\/www.hrexperience.rs\/wp-content\/uploads\/2021\/10\/HR-Experience-2018-77.jpg\",\"width\":1200,\"height\":800},{\"@type\":\"BreadcrumbList\",\"@id\":\"https:\/\/www.hrexperience.rs\/arhiva\/govornici-2018\/#breadcrumb\",\"itemListElement\":[{\"@type\":\"ListItem\",\"position\":1,\"name\":\"Arhiva\",\"item\":\"https:\/\/www.hrexperience.rs\/arhiva\/\"},{\"@type\":\"ListItem\",\"position\":2,\"name\":\"Govornici 2018\"}]},{\"@type\":\"WebSite\",\"@id\":\"https:\/\/www.hrexperience.rs\/#website\",\"url\":\"https:\/\/www.hrexperience.rs\/\",\"name\":\"HR Experience\",\"description\":\"Trendovi. Prakse. Inspiracija.\",\"publisher\":{\"@id\":\"https:\/\/www.hrexperience.rs\/#organization\"},\"potentialAction\":[{\"@type\":\"SearchAction\",\"target\":{\"@type\":\"EntryPoint\",\"urlTemplate\":\"https:\/\/www.hrexperience.rs\/?s={search_term_string}\"},\"query-input\":{\"@type\":\"PropertyValueSpecification\",\"valueRequired\":true,\"valueName\":\"search_term_string\"}}],\"inLanguage\":\"en-US\"},{\"@type\":\"Organization\",\"@id\":\"https:\/\/www.hrexperience.rs\/#organization\",\"name\":\"HRexperience\",\"url\":\"https:\/\/www.hrexperience.rs\/\",\"logo\":{\"@type\":\"ImageObject\",\"inLanguage\":\"en-US\",\"@id\":\"https:\/\/www.hrexperience.rs\/#\/schema\/logo\/image\/\",\"url\":\"https:\/\/www.hrexperience.rs\/wp-content\/uploads\/2021\/12\/hrexperience-2022-logo.svg\",\"contentUrl\":\"https:\/\/www.hrexperience.rs\/wp-content\/uploads\/2021\/12\/hrexperience-2022-logo.svg\",\"width\":1,\"height\":1,\"caption\":\"HRexperience\"},\"image\":{\"@id\":\"https:\/\/www.hrexperience.rs\/#\/schema\/logo\/image\/\"},\"sameAs\":[\"https:\/\/www.facebook.com\/poslovi\",\"https:\/\/x.com\/infostud\",\"https:\/\/www.instagram.com\/poslovi_infostud\/\",\"https:\/\/www.linkedin.com\/company\/poslovi-infostud\/\",\"https:\/\/www.youtube.com\/c\/infostudposlovi\",\"https:\/\/sr.wikipedia.org\/sr-el\/Infostud\"]}]}<\/script>\n<!-- \/ Yoast SEO plugin. -->","yoast_head_json":{"title":"Govornici 2018 - HR Experience","description":"Lista govornika 2018. - HR Experience","robots":{"index":"index","follow":"follow","max-snippet":"max-snippet:-1","max-image-preview":"max-image-preview:large","max-video-preview":"max-video-preview:-1"},"canonical":"https:\/\/www.hrexperience.rs\/en\/arhiva\/govornici-2018\/","og_locale":"en_US","og_type":"article","og_title":"Govornici 2018 - HR Experience","og_description":"Lista govornika 2018. - HR Experience","og_url":"https:\/\/www.hrexperience.rs\/en\/arhiva\/govornici-2018\/","og_site_name":"HR Experience","article_publisher":"https:\/\/www.facebook.com\/poslovi","article_modified_time":"2022-02-23T20:11:14+00:00","og_image":[{"width":1200,"height":800,"url":"https:\/\/www.hrexperience.rs\/wp-content\/uploads\/2021\/10\/HR-Experience-2018-77.jpg","type":"image\/jpeg"}],"twitter_card":"summary_large_image","twitter_site":"@infostud","twitter_misc":{"Est. reading time":"3 minutes"},"schema":{"@context":"https:\/\/schema.org","@graph":[{"@type":"WebPage","@id":"https:\/\/www.hrexperience.rs\/arhiva\/govornici-2018\/","url":"https:\/\/www.hrexperience.rs\/arhiva\/govornici-2018\/","name":"Govornici 2018 - HR Experience","isPartOf":{"@id":"https:\/\/www.hrexperience.rs\/#website"},"primaryImageOfPage":{"@id":"https:\/\/www.hrexperience.rs\/arhiva\/govornici-2018\/#primaryimage"},"image":{"@id":"https:\/\/www.hrexperience.rs\/arhiva\/govornici-2018\/#primaryimage"},"thumbnailUrl":"https:\/\/www.hrexperience.rs\/wp-content\/uploads\/2021\/10\/HR-Experience-2018-77.jpg","datePublished":"2021-10-30T09:37:30+00:00","dateModified":"2022-02-23T20:11:14+00:00","description":"Lista govornika 2018. - HR Experience","breadcrumb":{"@id":"https:\/\/www.hrexperience.rs\/arhiva\/govornici-2018\/#breadcrumb"},"inLanguage":"en-US","potentialAction":[{"@type":"ReadAction","target":["https:\/\/www.hrexperience.rs\/arhiva\/govornici-2018\/"]}]},{"@type":"ImageObject","inLanguage":"en-US","@id":"https:\/\/www.hrexperience.rs\/arhiva\/govornici-2018\/#primaryimage","url":"https:\/\/www.hrexperience.rs\/wp-content\/uploads\/2021\/10\/HR-Experience-2018-77.jpg","contentUrl":"https:\/\/www.hrexperience.rs\/wp-content\/uploads\/2021\/10\/HR-Experience-2018-77.jpg","width":1200,"height":800},{"@type":"BreadcrumbList","@id":"https:\/\/www.hrexperience.rs\/arhiva\/govornici-2018\/#breadcrumb","itemListElement":[{"@type":"ListItem","position":1,"name":"Arhiva","item":"https:\/\/www.hrexperience.rs\/arhiva\/"},{"@type":"ListItem","position":2,"name":"Govornici 2018"}]},{"@type":"WebSite","@id":"https:\/\/www.hrexperience.rs\/#website","url":"https:\/\/www.hrexperience.rs\/","name":"HR Experience","description":"Trendovi. Prakse. Inspiracija.","publisher":{"@id":"https:\/\/www.hrexperience.rs\/#organization"},"potentialAction":[{"@type":"SearchAction","target":{"@type":"EntryPoint","urlTemplate":"https:\/\/www.hrexperience.rs\/?s={search_term_string}"},"query-input":{"@type":"PropertyValueSpecification","valueRequired":true,"valueName":"search_term_string"}}],"inLanguage":"en-US"},{"@type":"Organization","@id":"https:\/\/www.hrexperience.rs\/#organization","name":"HRexperience","url":"https:\/\/www.hrexperience.rs\/","logo":{"@type":"ImageObject","inLanguage":"en-US","@id":"https:\/\/www.hrexperience.rs\/#\/schema\/logo\/image\/","url":"https:\/\/www.hrexperience.rs\/wp-content\/uploads\/2021\/12\/hrexperience-2022-logo.svg","contentUrl":"https:\/\/www.hrexperience.rs\/wp-content\/uploads\/2021\/12\/hrexperience-2022-logo.svg","width":1,"height":1,"caption":"HRexperience"},"image":{"@id":"https:\/\/www.hrexperience.rs\/#\/schema\/logo\/image\/"},"sameAs":["https:\/\/www.facebook.com\/poslovi","https:\/\/x.com\/infostud","https:\/\/www.instagram.com\/poslovi_infostud\/","https:\/\/www.linkedin.com\/company\/poslovi-infostud\/","https:\/\/www.youtube.com\/c\/infostudposlovi","https:\/\/sr.wikipedia.org\/sr-el\/Infostud"]}]}},"_links":{"self":[{"href":"https:\/\/www.hrexperience.rs\/en\/wp-json\/wp\/v2\/pages\/1014","targetHints":{"allow":["GET"]}}],"collection":[{"href":"https:\/\/www.hrexperience.rs\/en\/wp-json\/wp\/v2\/pages"}],"about":[{"href":"https:\/\/www.hrexperience.rs\/en\/wp-json\/wp\/v2\/types\/page"}],"author":[{"embeddable":true,"href":"https:\/\/www.hrexperience.rs\/en\/wp-json\/wp\/v2\/users\/1"}],"replies":[{"embeddable":true,"href":"https:\/\/www.hrexperience.rs\/en\/wp-json\/wp\/v2\/comments?post=1014"}],"version-history":[{"count":0,"href":"https:\/\/www.hrexperience.rs\/en\/wp-json\/wp\/v2\/pages\/1014\/revisions"}],"up":[{"embeddable":true,"href":"https:\/\/www.hrexperience.rs\/en\/wp-json\/wp\/v2\/pages\/1019"}],"wp:featuredmedia":[{"embeddable":true,"href":"https:\/\/www.hrexperience.rs\/en\/wp-json\/wp\/v2\/media\/566"}],"wp:attachment":[{"href":"https:\/\/www.hrexperience.rs\/en\/wp-json\/wp\/v2\/media?parent=1014"}],"curies":[{"name":"wp","href":"https:\/\/api.w.org\/{rel}","templated":true}]}}