
{"id":1009,"date":"2021-10-30T11:30:38","date_gmt":"2021-10-30T09:30:38","guid":{"rendered":"https:\/\/www.hrexperience.rs\/?page_id=1009"},"modified":"2022-02-23T21:10:31","modified_gmt":"2022-02-23T20:10:31","slug":"govornici-2019","status":"publish","type":"page","link":"https:\/\/www.hrexperience.rs\/en\/arhiva\/govornici-2019\/","title":{"rendered":"SPEAKERS 0219"},"content":{"rendered":"<div id=\"fws_69e9e428188c3\"  data-column-margin=\"20px\" data-midnight=\"dark\"  class=\"wpb_row vc_row-fluid vc_row  right_padding_20px left_padding_20px top_padding_tablet_50px top_padding_phone_30px bottom_padding_tablet_0px bottom_padding_phone_0px\"  style=\"padding-top: 60px; padding-bottom: 0px; \"><div class=\"row-bg-wrap\" data-bg-animation=\"none\" data-bg-animation-delay=\"\" data-bg-overlay=\"false\"><div class=\"inner-wrap row-bg-layer\" ><div class=\"row-bg viewport-desktop\"  style=\"\"><\/div><\/div><\/div><div class=\"row_col_wrap_12 col span_12 dark left\">\n\t<div  class=\"vc_col-sm-3 wpb_column column_container vc_column_container col has-animation no-extra-padding inherit_tablet inherit_phone\"  data-padding-pos=\"all\" data-has-bg-color=\"false\" data-bg-color=\"\" data-bg-opacity=\"1\" data-animation=\"fade-in-from-bottom\" data-delay=\"400\" >\n\t\t<div class=\"vc_column-inner\" >\n\t\t\t<div class=\"wpb_wrapper\">\n\t\t\t\t<div class=\"team-member\" data-style=\"meta_below\"><a href=\"https:\/\/www.hrexperience.rs\/en\/govornici\/max-blumberg\/\" ><img decoding=\"async\" alt=\"Max Blumberg\" src=\"https:\/\/www.hrexperience.rs\/wp-content\/uploads\/2021\/11\/Max_Blumberg.jpg\" title=\"Max Blumberg\" \/><\/a><h4 class=\"light\"><a class=\"extra-color-1\" href=\"https:\/\/www.hrexperience.rs\/en\/govornici\/max-blumberg\/\" >Max Blumberg<\/a><\/h4><div class=\"position\">Osniva\u010d \u201eBlumberg Partnership\u201c<\/div><p class=\"description\">Velika Britanija<\/p><ul class=\"social extra-color-1\"><li><a target=\"_blank\" href='https:\/\/www.linkedin.com\/in\/maxblumberg\/'>LinkedIn<\/a><\/li><\/ul><\/div>\n\t\t\t<\/div> \n\t\t<\/div>\n\t<\/div> \n\n\t<div  class=\"vc_col-sm-3 wpb_column column_container vc_column_container col has-animation no-extra-padding inherit_tablet inherit_phone\"  data-padding-pos=\"all\" data-has-bg-color=\"false\" data-bg-color=\"\" data-bg-opacity=\"1\" data-animation=\"fade-in-from-bottom\" data-delay=\"400\" >\n\t\t<div class=\"vc_column-inner\" >\n\t\t\t<div class=\"wpb_wrapper\">\n\t\t\t\t<div class=\"team-member\" data-style=\"meta_below\"><a href=\"https:\/\/www.hrexperience.rs\/en\/govornici\/bruce-greenhalgh\/\" ><img decoding=\"async\" alt=\"Bruce Greenhalgh\" src=\"https:\/\/www.hrexperience.rs\/wp-content\/uploads\/2021\/11\/Bruce_Greenhalgh-1.jpg\" title=\"Bruce Greenhalgh\" \/><\/a><h4 class=\"light\"><a class=\"extra-color-1\" href=\"https:\/\/www.hrexperience.rs\/en\/govornici\/bruce-greenhalgh\/\" >Bruce Greenhalgh<\/a><\/h4><div class=\"position\">Global Health and Wellbeing Clinical Lead<\/div><p class=\"description\">Velika Britanija<\/p><ul class=\"social extra-color-1\"><li><a target=\"_blank\" href='https:\/\/www.linkedin.com\/in\/bruce-greenhalgh-17597b\/'>LinkedIn<\/a><\/li><\/ul><\/div>\n\t\t\t<\/div> \n\t\t<\/div>\n\t<\/div> \n\n\t<div  class=\"vc_col-sm-3 wpb_column column_container vc_column_container col has-animation no-extra-padding inherit_tablet inherit_phone\"  data-padding-pos=\"all\" data-has-bg-color=\"false\" data-bg-color=\"\" data-bg-opacity=\"1\" data-animation=\"fade-in-from-bottom\" data-delay=\"400\" >\n\t\t<div class=\"vc_column-inner\" >\n\t\t\t<div class=\"wpb_wrapper\">\n\t\t\t\t<div class=\"team-member\" data-style=\"meta_below\"><a href=\"https:\/\/www.hrexperience.rs\/en\/govornici\/tom-haak\/\" ><img decoding=\"async\" alt=\"Tom Haak\" src=\"https:\/\/www.hrexperience.rs\/wp-content\/uploads\/2021\/11\/Tom-Haak.jpg\" title=\"Tom Haak\" \/><\/a><h4 class=\"light\"><a class=\"extra-color-1\" href=\"https:\/\/www.hrexperience.rs\/en\/govornici\/tom-haak\/\" >Tom Haak<\/a><\/h4><div class=\"position\">HR Trend Institut<\/div><p class=\"description\">Holandija<\/p><ul class=\"social extra-color-1\"><li><a target=\"_blank\" href='https:\/\/www.linkedin.com\/in\/tomhaak\/'>LinkedIn<\/a><\/li><\/ul><\/div>\n\t\t\t<\/div> \n\t\t<\/div>\n\t<\/div> \n\n\t<div  class=\"vc_col-sm-3 wpb_column column_container vc_column_container col has-animation no-extra-padding inherit_tablet inherit_phone\"  data-padding-pos=\"all\" data-has-bg-color=\"false\" data-bg-color=\"\" data-bg-opacity=\"1\" data-animation=\"fade-in-from-bottom\" data-delay=\"400\" >\n\t\t<div class=\"vc_column-inner\" >\n\t\t\t<div class=\"wpb_wrapper\">\n\t\t\t\t<div class=\"team-member\" data-style=\"meta_below\"><a href=\"https:\/\/www.hrexperience.rs\/en\/govornici\/viktor-bartenjev\/\" ><img decoding=\"async\" alt=\"Viktor Bartenjev\" src=\"https:\/\/www.hrexperience.rs\/wp-content\/uploads\/2021\/11\/viktor.png\" title=\"Viktor Bartenjev\" \/><\/a><h4 class=\"light\"><a class=\"extra-color-1\" href=\"https:\/\/www.hrexperience.rs\/en\/govornici\/viktor-bartenjev\/\" >Viktor Bartenjev<\/a><\/h4><div class=\"position\">Head of Recruitment, Selection and Employer Branding<\/div><p class=\"description\">NIS a.d.<\/p><\/div>\n\t\t\t<\/div> \n\t\t<\/div>\n\t<\/div> \n<\/div><\/div>\n\t\t<div id=\"fws_69e9e42820564\"  data-column-margin=\"20px\" data-midnight=\"dark\"  class=\"wpb_row vc_row-fluid vc_row  right_padding_20px left_padding_20px top_padding_tablet_0px top_padding_phone_0px bottom_padding_tablet_100px bottom_padding_phone_70px\"  style=\"padding-top: 0px; padding-bottom: 120px; \"><div class=\"row-bg-wrap\" data-bg-animation=\"none\" data-bg-animation-delay=\"\" data-bg-overlay=\"false\"><div class=\"inner-wrap row-bg-layer\" ><div class=\"row-bg viewport-desktop\"  style=\"\"><\/div><\/div><\/div><div class=\"row_col_wrap_12 col span_12 dark left\">\n\t<div  class=\"vc_col-sm-3 wpb_column column_container vc_column_container col has-animation no-extra-padding inherit_tablet inherit_phone\"  data-padding-pos=\"all\" data-has-bg-color=\"false\" data-bg-color=\"\" data-bg-opacity=\"1\" data-animation=\"fade-in-from-bottom\" data-delay=\"400\" >\n\t\t<div class=\"vc_column-inner\" >\n\t\t\t<div class=\"wpb_wrapper\">\n\t\t\t\t<div class=\"team-member\" data-style=\"meta_below\"><a href=\"https:\/\/www.hrexperience.rs\/en\/govornici\/igor-zonja\/\" ><img decoding=\"async\" alt=\"Igor \u017donja\" src=\"https:\/\/www.hrexperience.rs\/wp-content\/uploads\/2021\/11\/igor.png\" title=\"Igor \u017donja\" \/><\/a><h4 class=\"light\"><a class=\"extra-color-1\" href=\"https:\/\/www.hrexperience.rs\/en\/govornici\/igor-zonja\/\" >Igor \u017donja<\/a><\/h4><div class=\"position\">CEO<\/div><p class=\"description\">moj-posao.net, Hrvatska<\/p><ul class=\"social extra-color-1\"><li><a target=\"_blank\" href='https:\/\/www.linkedin.com\/in\/igor-zonja-31307526\/'>LinkedIn<\/a><\/li><\/ul><\/div>\n\t\t\t<\/div> \n\t\t<\/div>\n\t<\/div> \n\n\t<div  class=\"vc_col-sm-3 wpb_column column_container vc_column_container col has-animation no-extra-padding inherit_tablet inherit_phone\"  data-padding-pos=\"all\" data-has-bg-color=\"false\" data-bg-color=\"\" data-bg-opacity=\"1\" data-animation=\"fade-in-from-bottom\" data-delay=\"400\" >\n\t\t<div class=\"vc_column-inner\" >\n\t\t\t<div class=\"wpb_wrapper\">\n\t\t\t\t<div class=\"team-member\" data-style=\"meta_below\"><a href=\"https:\/\/www.hrexperience.rs\/en\/govornici\/nermana-ajanovic\/\" ><img decoding=\"async\" alt=\"Nermana Ajanovi\u0107\" src=\"https:\/\/www.hrexperience.rs\/wp-content\/uploads\/2021\/11\/nermana.jpg\" title=\"Nermana Ajanovi\u0107\" \/><\/a><h4 class=\"light\"><a class=\"extra-color-1\" href=\"https:\/\/www.hrexperience.rs\/en\/govornici\/nermana-ajanovic\/\" >Nermana Ajanovi\u0107<\/a><\/h4><div class=\"position\">\u0160ef razvoja i marketinga<\/div><p class=\"description\">posao.ba, BiH<\/p><ul class=\"social extra-color-1\"><li><a target=\"_blank\" href='https:\/\/www.linkedin.com\/in\/nermana-ajanovic-hajdarpasic-875287b\/'>LinkedIn<\/a><\/li><\/ul><\/div>\n\t\t\t<\/div> \n\t\t<\/div>\n\t<\/div> \n\n\t<div  class=\"vc_col-sm-3 wpb_column column_container vc_column_container col has-animation no-extra-padding inherit_tablet inherit_phone\"  data-padding-pos=\"all\" data-has-bg-color=\"false\" data-bg-color=\"\" data-bg-opacity=\"1\" data-animation=\"fade-in-from-bottom\" data-delay=\"400\" >\n\t\t<div class=\"vc_column-inner\" >\n\t\t\t<div class=\"wpb_wrapper\">\n\t\t\t\t<div class=\"team-member\" data-style=\"meta_below\"><a href=\"https:\/\/www.hrexperience.rs\/en\/govornici\/leos-cerny\/\" ><img decoding=\"async\" alt=\"Leo\u0161 \u010cern\u00fd\" src=\"https:\/\/www.hrexperience.rs\/wp-content\/uploads\/2021\/11\/leos-cerny.jpg\" title=\"Leo\u0161 \u010cern\u00fd\" \/><\/a><h4 class=\"light\"><a class=\"extra-color-1\" href=\"https:\/\/www.hrexperience.rs\/en\/govornici\/leos-cerny\/\" >Leo\u0161 \u010cern\u00fd<\/a><\/h4><div class=\"position\">\u0160ef razvoja<\/div><p class=\"description\">prace.cz, \u010ce\u0161ka<\/p><ul class=\"social extra-color-1\"><li><a target=\"_blank\" href='https:\/\/www.linkedin.com\/in\/cernyl\/'>Linked<\/a><\/li><\/ul><\/div>\n\t\t\t<\/div> \n\t\t<\/div>\n\t<\/div> \n\n\t<div  class=\"vc_col-sm-3 wpb_column column_container vc_column_container col has-animation no-extra-padding inherit_tablet inherit_phone\"  data-padding-pos=\"all\" data-has-bg-color=\"false\" data-bg-color=\"\" data-bg-opacity=\"1\" data-animation=\"fade-in-from-bottom\" data-delay=\"400\" >\n\t\t<div class=\"vc_column-inner\" >\n\t\t\t<div class=\"wpb_wrapper\">\n\t\t\t\t<div class=\"team-member\" data-style=\"meta_below\"><a href=\"https:\/\/www.hrexperience.rs\/en\/govornici\/sonja-cetkovic\/\" ><img decoding=\"async\" alt=\"Sonja \u0106etkovi\u0107\" src=\"https:\/\/www.hrexperience.rs\/wp-content\/uploads\/2022\/01\/sonja-cetkovic-2022-govornici.jpg\" title=\"Sonja \u0106etkovi\u0107\" \/><\/a><h4 class=\"light\"><a class=\"extra-color-1\" href=\"https:\/\/www.hrexperience.rs\/en\/govornici\/sonja-cetkovic\/\" >Sonja \u0106etkovi\u0107<\/a><\/h4><div class=\"position\">CEO<\/div><p class=\"description\">Poslovi Infostud, Srbija<\/p><ul class=\"social extra-color-1\"><li><a target=\"_blank\" href='https:\/\/www.linkedin.com\/in\/sonjacetkovic\/'>LinkedIn<\/a><\/li><\/ul><\/div>\n\t\t\t<\/div> \n\t\t<\/div>\n\t<\/div> \n<\/div><\/div>","protected":false},"excerpt":{"rendered":"Max BlumbergOsniva\u010d \u201eBlumberg Partnership\u201cVelika BritanijaLinkedIn Bruce GreenhalghGlobal Health and Wellbeing Clinical LeadVelika BritanijaLinkedIn Tom HaakHR Trend InstitutHolandijaLinkedIn Viktor BartenjevHead of Recruitment, Selection and Employer BrandingNIS a.d. Igor \u017donjaDirektormoj-posao.net, HrvatskaLinkedIn Nermana...","protected":false},"author":1,"featured_media":708,"parent":1019,"menu_order":4,"comment_status":"closed","ping_status":"closed","template":"","meta":{"footnotes":""},"class_list":["post-1009","page","type-page","status-publish","has-post-thumbnail"],"yoast_head":"<!-- This site is optimized with the Yoast SEO plugin v24.2 - https:\/\/yoast.com\/wordpress\/plugins\/seo\/ -->\n<title>Govornici 2019 - HR Experience<\/title>\n<meta name=\"description\" content=\"Lista govornika 2019. - HR Experience\" \/>\n<meta name=\"robots\" content=\"index, follow, max-snippet:-1, max-image-preview:large, max-video-preview:-1\" \/>\n<link rel=\"canonical\" href=\"https:\/\/www.hrexperience.rs\/en\/arhiva\/govornici-2019\/\" \/>\n<meta property=\"og:locale\" content=\"en_US\" \/>\n<meta property=\"og:type\" content=\"article\" \/>\n<meta property=\"og:title\" content=\"Govornici 2019 - HR Experience\" \/>\n<meta property=\"og:description\" content=\"Lista govornika 2019. - HR Experience\" \/>\n<meta property=\"og:url\" content=\"https:\/\/www.hrexperience.rs\/en\/arhiva\/govornici-2019\/\" \/>\n<meta property=\"og:site_name\" content=\"HR Experience\" \/>\n<meta property=\"article:publisher\" content=\"https:\/\/www.facebook.com\/poslovi\" \/>\n<meta property=\"article:modified_time\" content=\"2022-02-23T20:10:31+00:00\" \/>\n<meta property=\"og:image\" content=\"https:\/\/www.hrexperience.rs\/wp-content\/uploads\/2021\/10\/HR-Experience-2019-50.jpg\" \/>\n\t<meta property=\"og:image:width\" content=\"1200\" \/>\n\t<meta property=\"og:image:height\" content=\"800\" \/>\n\t<meta property=\"og:image:type\" content=\"image\/jpeg\" \/>\n<meta name=\"twitter:card\" content=\"summary_large_image\" \/>\n<meta name=\"twitter:site\" content=\"@infostud\" \/>\n<meta name=\"twitter:label1\" content=\"Est. reading time\" \/>\n\t<meta name=\"twitter:data1\" content=\"2 minutes\" \/>\n<script type=\"application\/ld+json\" class=\"yoast-schema-graph\">{\"@context\":\"https:\/\/schema.org\",\"@graph\":[{\"@type\":\"WebPage\",\"@id\":\"https:\/\/www.hrexperience.rs\/arhiva\/govornici-2019\/\",\"url\":\"https:\/\/www.hrexperience.rs\/arhiva\/govornici-2019\/\",\"name\":\"Govornici 2019 - HR Experience\",\"isPartOf\":{\"@id\":\"https:\/\/www.hrexperience.rs\/#website\"},\"primaryImageOfPage\":{\"@id\":\"https:\/\/www.hrexperience.rs\/arhiva\/govornici-2019\/#primaryimage\"},\"image\":{\"@id\":\"https:\/\/www.hrexperience.rs\/arhiva\/govornici-2019\/#primaryimage\"},\"thumbnailUrl\":\"https:\/\/www.hrexperience.rs\/wp-content\/uploads\/2021\/10\/HR-Experience-2019-50.jpg\",\"datePublished\":\"2021-10-30T09:30:38+00:00\",\"dateModified\":\"2022-02-23T20:10:31+00:00\",\"description\":\"Lista govornika 2019. - HR Experience\",\"breadcrumb\":{\"@id\":\"https:\/\/www.hrexperience.rs\/arhiva\/govornici-2019\/#breadcrumb\"},\"inLanguage\":\"en-US\",\"potentialAction\":[{\"@type\":\"ReadAction\",\"target\":[\"https:\/\/www.hrexperience.rs\/arhiva\/govornici-2019\/\"]}]},{\"@type\":\"ImageObject\",\"inLanguage\":\"en-US\",\"@id\":\"https:\/\/www.hrexperience.rs\/arhiva\/govornici-2019\/#primaryimage\",\"url\":\"https:\/\/www.hrexperience.rs\/wp-content\/uploads\/2021\/10\/HR-Experience-2019-50.jpg\",\"contentUrl\":\"https:\/\/www.hrexperience.rs\/wp-content\/uploads\/2021\/10\/HR-Experience-2019-50.jpg\",\"width\":1200,\"height\":800},{\"@type\":\"BreadcrumbList\",\"@id\":\"https:\/\/www.hrexperience.rs\/arhiva\/govornici-2019\/#breadcrumb\",\"itemListElement\":[{\"@type\":\"ListItem\",\"position\":1,\"name\":\"Arhiva\",\"item\":\"https:\/\/www.hrexperience.rs\/arhiva\/\"},{\"@type\":\"ListItem\",\"position\":2,\"name\":\"Govornici 2019\"}]},{\"@type\":\"WebSite\",\"@id\":\"https:\/\/www.hrexperience.rs\/#website\",\"url\":\"https:\/\/www.hrexperience.rs\/\",\"name\":\"HR Experience\",\"description\":\"Trendovi. Prakse. Inspiracija.\",\"publisher\":{\"@id\":\"https:\/\/www.hrexperience.rs\/#organization\"},\"potentialAction\":[{\"@type\":\"SearchAction\",\"target\":{\"@type\":\"EntryPoint\",\"urlTemplate\":\"https:\/\/www.hrexperience.rs\/?s={search_term_string}\"},\"query-input\":{\"@type\":\"PropertyValueSpecification\",\"valueRequired\":true,\"valueName\":\"search_term_string\"}}],\"inLanguage\":\"en-US\"},{\"@type\":\"Organization\",\"@id\":\"https:\/\/www.hrexperience.rs\/#organization\",\"name\":\"HRexperience\",\"url\":\"https:\/\/www.hrexperience.rs\/\",\"logo\":{\"@type\":\"ImageObject\",\"inLanguage\":\"en-US\",\"@id\":\"https:\/\/www.hrexperience.rs\/#\/schema\/logo\/image\/\",\"url\":\"https:\/\/www.hrexperience.rs\/wp-content\/uploads\/2021\/12\/hrexperience-2022-logo.svg\",\"contentUrl\":\"https:\/\/www.hrexperience.rs\/wp-content\/uploads\/2021\/12\/hrexperience-2022-logo.svg\",\"width\":1,\"height\":1,\"caption\":\"HRexperience\"},\"image\":{\"@id\":\"https:\/\/www.hrexperience.rs\/#\/schema\/logo\/image\/\"},\"sameAs\":[\"https:\/\/www.facebook.com\/poslovi\",\"https:\/\/x.com\/infostud\",\"https:\/\/www.instagram.com\/poslovi_infostud\/\",\"https:\/\/www.linkedin.com\/company\/poslovi-infostud\/\",\"https:\/\/www.youtube.com\/c\/infostudposlovi\",\"https:\/\/sr.wikipedia.org\/sr-el\/Infostud\"]}]}<\/script>\n<!-- \/ Yoast SEO plugin. -->","yoast_head_json":{"title":"Govornici 2019 - HR Experience","description":"Lista govornika 2019. - HR Experience","robots":{"index":"index","follow":"follow","max-snippet":"max-snippet:-1","max-image-preview":"max-image-preview:large","max-video-preview":"max-video-preview:-1"},"canonical":"https:\/\/www.hrexperience.rs\/en\/arhiva\/govornici-2019\/","og_locale":"en_US","og_type":"article","og_title":"Govornici 2019 - HR Experience","og_description":"Lista govornika 2019. - HR Experience","og_url":"https:\/\/www.hrexperience.rs\/en\/arhiva\/govornici-2019\/","og_site_name":"HR Experience","article_publisher":"https:\/\/www.facebook.com\/poslovi","article_modified_time":"2022-02-23T20:10:31+00:00","og_image":[{"width":1200,"height":800,"url":"https:\/\/www.hrexperience.rs\/wp-content\/uploads\/2021\/10\/HR-Experience-2019-50.jpg","type":"image\/jpeg"}],"twitter_card":"summary_large_image","twitter_site":"@infostud","twitter_misc":{"Est. reading time":"2 minutes"},"schema":{"@context":"https:\/\/schema.org","@graph":[{"@type":"WebPage","@id":"https:\/\/www.hrexperience.rs\/arhiva\/govornici-2019\/","url":"https:\/\/www.hrexperience.rs\/arhiva\/govornici-2019\/","name":"Govornici 2019 - HR Experience","isPartOf":{"@id":"https:\/\/www.hrexperience.rs\/#website"},"primaryImageOfPage":{"@id":"https:\/\/www.hrexperience.rs\/arhiva\/govornici-2019\/#primaryimage"},"image":{"@id":"https:\/\/www.hrexperience.rs\/arhiva\/govornici-2019\/#primaryimage"},"thumbnailUrl":"https:\/\/www.hrexperience.rs\/wp-content\/uploads\/2021\/10\/HR-Experience-2019-50.jpg","datePublished":"2021-10-30T09:30:38+00:00","dateModified":"2022-02-23T20:10:31+00:00","description":"Lista govornika 2019. - HR Experience","breadcrumb":{"@id":"https:\/\/www.hrexperience.rs\/arhiva\/govornici-2019\/#breadcrumb"},"inLanguage":"en-US","potentialAction":[{"@type":"ReadAction","target":["https:\/\/www.hrexperience.rs\/arhiva\/govornici-2019\/"]}]},{"@type":"ImageObject","inLanguage":"en-US","@id":"https:\/\/www.hrexperience.rs\/arhiva\/govornici-2019\/#primaryimage","url":"https:\/\/www.hrexperience.rs\/wp-content\/uploads\/2021\/10\/HR-Experience-2019-50.jpg","contentUrl":"https:\/\/www.hrexperience.rs\/wp-content\/uploads\/2021\/10\/HR-Experience-2019-50.jpg","width":1200,"height":800},{"@type":"BreadcrumbList","@id":"https:\/\/www.hrexperience.rs\/arhiva\/govornici-2019\/#breadcrumb","itemListElement":[{"@type":"ListItem","position":1,"name":"Arhiva","item":"https:\/\/www.hrexperience.rs\/arhiva\/"},{"@type":"ListItem","position":2,"name":"Govornici 2019"}]},{"@type":"WebSite","@id":"https:\/\/www.hrexperience.rs\/#website","url":"https:\/\/www.hrexperience.rs\/","name":"HR Experience","description":"Trendovi. Prakse. Inspiracija.","publisher":{"@id":"https:\/\/www.hrexperience.rs\/#organization"},"potentialAction":[{"@type":"SearchAction","target":{"@type":"EntryPoint","urlTemplate":"https:\/\/www.hrexperience.rs\/?s={search_term_string}"},"query-input":{"@type":"PropertyValueSpecification","valueRequired":true,"valueName":"search_term_string"}}],"inLanguage":"en-US"},{"@type":"Organization","@id":"https:\/\/www.hrexperience.rs\/#organization","name":"HRexperience","url":"https:\/\/www.hrexperience.rs\/","logo":{"@type":"ImageObject","inLanguage":"en-US","@id":"https:\/\/www.hrexperience.rs\/#\/schema\/logo\/image\/","url":"https:\/\/www.hrexperience.rs\/wp-content\/uploads\/2021\/12\/hrexperience-2022-logo.svg","contentUrl":"https:\/\/www.hrexperience.rs\/wp-content\/uploads\/2021\/12\/hrexperience-2022-logo.svg","width":1,"height":1,"caption":"HRexperience"},"image":{"@id":"https:\/\/www.hrexperience.rs\/#\/schema\/logo\/image\/"},"sameAs":["https:\/\/www.facebook.com\/poslovi","https:\/\/x.com\/infostud","https:\/\/www.instagram.com\/poslovi_infostud\/","https:\/\/www.linkedin.com\/company\/poslovi-infostud\/","https:\/\/www.youtube.com\/c\/infostudposlovi","https:\/\/sr.wikipedia.org\/sr-el\/Infostud"]}]}},"_links":{"self":[{"href":"https:\/\/www.hrexperience.rs\/en\/wp-json\/wp\/v2\/pages\/1009","targetHints":{"allow":["GET"]}}],"collection":[{"href":"https:\/\/www.hrexperience.rs\/en\/wp-json\/wp\/v2\/pages"}],"about":[{"href":"https:\/\/www.hrexperience.rs\/en\/wp-json\/wp\/v2\/types\/page"}],"author":[{"embeddable":true,"href":"https:\/\/www.hrexperience.rs\/en\/wp-json\/wp\/v2\/users\/1"}],"replies":[{"embeddable":true,"href":"https:\/\/www.hrexperience.rs\/en\/wp-json\/wp\/v2\/comments?post=1009"}],"version-history":[{"count":0,"href":"https:\/\/www.hrexperience.rs\/en\/wp-json\/wp\/v2\/pages\/1009\/revisions"}],"up":[{"embeddable":true,"href":"https:\/\/www.hrexperience.rs\/en\/wp-json\/wp\/v2\/pages\/1019"}],"wp:featuredmedia":[{"embeddable":true,"href":"https:\/\/www.hrexperience.rs\/en\/wp-json\/wp\/v2\/media\/708"}],"wp:attachment":[{"href":"https:\/\/www.hrexperience.rs\/en\/wp-json\/wp\/v2\/media?parent=1009"}],"curies":[{"name":"wp","href":"https:\/\/api.w.org\/{rel}","templated":true}]}}